{"id":42522,"date":"2026-04-22T10:20:05","date_gmt":"2026-04-22T10:20:05","guid":{"rendered":"https:\/\/www.louizaauktion.com\/product\/cesar-cesar-baldaccini-1921-1998-dapres-masque-autoportrait-circa-1973\/"},"modified":"2026-04-22T10:20:05","modified_gmt":"2026-04-22T10:20:05","slug":"cesar-cesar-baldaccini-1921-1998-dapres-masque-autoportrait-circa-1973","status":"publish","type":"product","link":"https:\/\/www.louizaauktion.com\/en\/product\/cesar-cesar-baldaccini-1921-1998-dapres-masque-autoportrait-circa-1973\/","title":{"rendered":"CESAR, C\u00e9sar BALDACCINI (1921-1998). After. Self-portrait mask, circa 1973."},"content":{"rendered":"<p>CESAR, C\u00e9sar BALDACCINI (1921-1998). According to.<br \/>\nSelf-portrait mask, circa 1973.<br \/>\nGold-painted resin molding.<br \/>\nNot signed.<br \/>\nApproximately 28 x 18 cm.<br \/>\nThis work is a prototype cast made with the help of Roger Tallon&#039;s wife directly on the artist&#039;s face.<br \/>\nHeight: 25 cm \u2013 Width: 17 cm.<br \/>\nProvenance: Roger Tallon collection and estate.<br \/>\nNote: this work certainly inspired the cover of the artist&#039;s book published for the &#039;C\u00e9sar, T\u00eate \u00e0 T\u00eates&#039; exhibition at the Galerie Henri Creuzevault, Paris, in 1973, as well as the artist&#039;s work on the bronzes exhibited at the gallery in 1973.<br \/>\n800\/1000\u20ac<\/p>","protected":false},"excerpt":{"rendered":"<p>Painted resin molding.<\/p>","protected":false},"featured_media":42112,"comment_status":"open","ping_status":"closed","template":"","meta":{"_acf_changed":false},"product_brand":[],"product_cat":[15],"product_tag":[77],"class_list":{"0":"post-42522","1":"product","2":"type-product","3":"status-publish","4":"has-post-thumbnail","6":"product_cat-uncategorized","7":"product_tag-vente-2026-05-09","9":"first","10":"instock","11":"shipping-taxable","12":"purchasable","13":"product-type-simple"},"acf":[],"_links":{"self":[{"href":"https:\/\/www.louizaauktion.com\/en\/wp-json\/wp\/v2\/product\/42522","targetHints":{"allow":["GET"]}}],"collection":[{"href":"https:\/\/www.louizaauktion.com\/en\/wp-json\/wp\/v2\/product"}],"about":[{"href":"https:\/\/www.louizaauktion.com\/en\/wp-json\/wp\/v2\/types\/product"}],"replies":[{"embeddable":true,"href":"https:\/\/www.louizaauktion.com\/en\/wp-json\/wp\/v2\/comments?post=42522"}],"wp:featuredmedia":[{"embeddable":true,"href":"https:\/\/www.louizaauktion.com\/en\/wp-json\/wp\/v2\/media\/42112"}],"wp:attachment":[{"href":"https:\/\/www.louizaauktion.com\/en\/wp-json\/wp\/v2\/media?parent=42522"}],"wp:term":[{"taxonomy":"product_brand","embeddable":true,"href":"https:\/\/www.louizaauktion.com\/en\/wp-json\/wp\/v2\/product_brand?post=42522"},{"taxonomy":"product_cat","embeddable":true,"href":"https:\/\/www.louizaauktion.com\/en\/wp-json\/wp\/v2\/product_cat?post=42522"},{"taxonomy":"product_tag","embeddable":true,"href":"https:\/\/www.louizaauktion.com\/en\/wp-json\/wp\/v2\/product_tag?post=42522"}],"curies":[{"name":"wp","href":"https:\/\/api.w.org\/{rel}","templated":true}]}}