{"id":41984,"date":"2026-02-12T12:03:25","date_gmt":"2026-02-12T12:03:25","guid":{"rendered":"https:\/\/www.louizaauktion.com\/product\/jean-cocteau-1889-1963-es-gibt-immer-ein-gegenuber-ohne-teufel-hatte-gott-nie-die-breite-masse-angesprochen-rosenthal-kunstlerteller-nr-2\/"},"modified":"2026-02-12T12:03:25","modified_gmt":"2026-02-12T12:03:25","slug":"jean-cocteau-1889-1963-es-gibt-immer-ein-gegenuber-ohne-teufel-hatte-gott-nie-die-breite-masse-angesprochen-rosenthal-kunstlerteller-nr-2","status":"publish","type":"product","link":"https:\/\/www.louizaauktion.com\/en\/product\/jean-cocteau-1889-1963-es-gibt-immer-ein-gegenuber-ohne-teufel-hatte-gott-nie-die-breite-masse-angesprochen-rosenthal-kunstlerteller-nr-2\/","title":{"rendered":"Jean COCTEAU (1889\u20131963) Es gibt immer ein Gegen\u00fcber: &#039;Ohne Teufel h\u00e4tte Gott nie die breite Masse Angesprochen&#039;. Rosenthal-K\u00fcnstlerteller Nr. 2."},"content":{"rendered":"<p>Jean Cocteau (1889\u20131963)<br \/>\n\u00ab&quot;Es gibt immer ein Gegen\u00fcber: &#039;Ohne Teufel h\u00e4tte Gott nie die breite Masse Angesprochen&#039;&quot;. Rosenthal-K\u00fcnstlerteller Nr. 2.<br \/>\nPolychrome porcelain plate produced by Rosenthal for the Artist&#039;s Plate series.<br \/>\nNumbered 2967\/5000 copies.<br \/>\nDiameter 26 cm. In its original box.<br \/>\nInscribed on the rim: &#039;Jean Cocteau&#039;. Under the base, manufacturer&#039;s mark under green glaze. Round shape, slightly concave. On the rim, inscription in black: &#039;There is always someone opposite, without the devil God would never have reached the masses.&#039;\u2018<br \/>\n120\/150\u20ac<\/p>","protected":false},"excerpt":{"rendered":"<p>\u2013<\/p>","protected":false},"featured_media":41698,"comment_status":"open","ping_status":"closed","template":"","meta":{"_acf_changed":false},"product_brand":[],"product_cat":[15],"product_tag":[76],"class_list":{"0":"post-41984","1":"product","2":"type-product","3":"status-publish","4":"has-post-thumbnail","6":"product_cat-uncategorized","7":"product_tag-vente-2026-02-28","9":"first","10":"instock","11":"shipping-taxable","12":"purchasable","13":"product-type-simple"},"acf":[],"_links":{"self":[{"href":"https:\/\/www.louizaauktion.com\/en\/wp-json\/wp\/v2\/product\/41984","targetHints":{"allow":["GET"]}}],"collection":[{"href":"https:\/\/www.louizaauktion.com\/en\/wp-json\/wp\/v2\/product"}],"about":[{"href":"https:\/\/www.louizaauktion.com\/en\/wp-json\/wp\/v2\/types\/product"}],"replies":[{"embeddable":true,"href":"https:\/\/www.louizaauktion.com\/en\/wp-json\/wp\/v2\/comments?post=41984"}],"wp:featuredmedia":[{"embeddable":true,"href":"https:\/\/www.louizaauktion.com\/en\/wp-json\/wp\/v2\/media\/41698"}],"wp:attachment":[{"href":"https:\/\/www.louizaauktion.com\/en\/wp-json\/wp\/v2\/media?parent=41984"}],"wp:term":[{"taxonomy":"product_brand","embeddable":true,"href":"https:\/\/www.louizaauktion.com\/en\/wp-json\/wp\/v2\/product_brand?post=41984"},{"taxonomy":"product_cat","embeddable":true,"href":"https:\/\/www.louizaauktion.com\/en\/wp-json\/wp\/v2\/product_cat?post=41984"},{"taxonomy":"product_tag","embeddable":true,"href":"https:\/\/www.louizaauktion.com\/en\/wp-json\/wp\/v2\/product_tag?post=41984"}],"curies":[{"name":"wp","href":"https:\/\/api.w.org\/{rel}","templated":true}]}}