{"id":41875,"date":"2026-02-12T11:56:37","date_gmt":"2026-02-12T11:56:37","guid":{"rendered":"https:\/\/www.louizaauktion.com\/product\/henri-martin-toulouse-1860-la-bastide-du-vert-1943-leglise-de-la-bastide-du-vert\/"},"modified":"2026-02-16T19:10:11","modified_gmt":"2026-02-16T19:10:11","slug":"henri-martin-toulouse-1860-la-bastide-du-vert-1943-leglise-de-la-bastide-du-vert","status":"publish","type":"product","link":"https:\/\/www.louizaauktion.com\/en\/product\/henri-martin-toulouse-1860-la-bastide-du-vert-1943-leglise-de-la-bastide-du-vert\/","title":{"rendered":"L\u00e9opold SURVAGE (1879-1968) The Thought, 1963."},"content":{"rendered":"<p><a href=\"https:\/\/www.artprice.com\/artist\/27796\/leopold-survage\"><strong>L<\/strong><strong>Eopold <\/strong><strong>SURVAGE<\/strong><strong> (1879-1968)<\/strong><\/a><\/p>\n<p>Thought, 1963.<\/p>\n<p>Oil on canvas, signed and dated lower right.<\/p>\n<p>45.7 x 37.5 cm.<\/p>\n<p>Provenance: Galerie Lucie Weill, Paris. H\u00f4tel des Ventes de Lyon B\u00e9rard-P\u00e9ron, Lyon, 16 September 2025, lot 165. Acquired by the current owner in the previous sale.<\/p>\n<p>Bibliography: Paris, Au Pont des Arts-Galerie Lucie Weill, Survage, 1963. Lyon, Galerie Verri\u00e8re, Survage, 1968, p. 38, illustrated.<\/p>\n<p>6000\/8000\u20ac<\/p>","protected":false},"excerpt":{"rendered":"<p>\u2013<\/p>","protected":false},"featured_media":42060,"comment_status":"open","ping_status":"closed","template":"","meta":{"_acf_changed":false},"product_brand":[],"product_cat":[15],"product_tag":[76],"class_list":{"0":"post-41875","1":"product","2":"type-product","3":"status-publish","4":"has-post-thumbnail","6":"product_cat-uncategorized","7":"product_tag-vente-2026-02-28","9":"first","10":"instock","11":"shipping-taxable","12":"purchasable","13":"product-type-simple"},"acf":[],"_links":{"self":[{"href":"https:\/\/www.louizaauktion.com\/en\/wp-json\/wp\/v2\/product\/41875","targetHints":{"allow":["GET"]}}],"collection":[{"href":"https:\/\/www.louizaauktion.com\/en\/wp-json\/wp\/v2\/product"}],"about":[{"href":"https:\/\/www.louizaauktion.com\/en\/wp-json\/wp\/v2\/types\/product"}],"replies":[{"embeddable":true,"href":"https:\/\/www.louizaauktion.com\/en\/wp-json\/wp\/v2\/comments?post=41875"}],"wp:featuredmedia":[{"embeddable":true,"href":"https:\/\/www.louizaauktion.com\/en\/wp-json\/wp\/v2\/media\/42060"}],"wp:attachment":[{"href":"https:\/\/www.louizaauktion.com\/en\/wp-json\/wp\/v2\/media?parent=41875"}],"wp:term":[{"taxonomy":"product_brand","embeddable":true,"href":"https:\/\/www.louizaauktion.com\/en\/wp-json\/wp\/v2\/product_brand?post=41875"},{"taxonomy":"product_cat","embeddable":true,"href":"https:\/\/www.louizaauktion.com\/en\/wp-json\/wp\/v2\/product_cat?post=41875"},{"taxonomy":"product_tag","embeddable":true,"href":"https:\/\/www.louizaauktion.com\/en\/wp-json\/wp\/v2\/product_tag?post=41875"}],"curies":[{"name":"wp","href":"https:\/\/api.w.org\/{rel}","templated":true}]}}