{"id":41871,"date":"2026-02-12T11:56:18","date_gmt":"2026-02-12T11:56:18","guid":{"rendered":"https:\/\/www.louizaauktion.com\/product\/jean-cocteau-1958-1959-astrologie-1958-6eme-variante\/"},"modified":"2026-02-12T11:56:18","modified_gmt":"2026-02-12T11:56:18","slug":"jean-cocteau-1958-1959-astrologie-1958-6eme-variante","status":"publish","type":"product","link":"https:\/\/www.louizaauktion.com\/en\/product\/jean-cocteau-1958-1959-astrologie-1958-6eme-variante\/","title":{"rendered":"Jean Cocteau (1958-1959) &quot;Astrology&quot;. 1958. 6th variant."},"content":{"rendered":"<p>Jean COCTEAU (1958-1959)<br \/>\n\u00ab&quot;Astrology&quot;. 1958. 6th variant.<br \/>\nOval pendant consisting of a cut-out pink earthenware ceramic plaque depicting a stylized face inlaid with blue. Signed &quot;Jean Cocteau&quot; on the back.<br \/>\nDimensions: 7 x 6.5 cm.<br \/>\nBibliography: Referenced in the catalogue Jean Cocteau, Ceramics, catalogue raisonn\u00e9 of Madame Gu\u00e9dras, \u00c9ditions Teillet-Dermit, 1989, page 213, R.B4, 6th variant.<br \/>\n300\/500\u20ac<\/p>","protected":false},"excerpt":{"rendered":"<p>\u2013<\/p>","protected":false},"featured_media":41430,"comment_status":"open","ping_status":"closed","template":"","meta":{"_acf_changed":false},"product_brand":[],"product_cat":[15],"product_tag":[76],"class_list":{"0":"post-41871","1":"product","2":"type-product","3":"status-publish","4":"has-post-thumbnail","6":"product_cat-uncategorized","7":"product_tag-vente-2026-02-28","9":"first","10":"instock","11":"shipping-taxable","12":"purchasable","13":"product-type-simple"},"acf":[],"_links":{"self":[{"href":"https:\/\/www.louizaauktion.com\/en\/wp-json\/wp\/v2\/product\/41871","targetHints":{"allow":["GET"]}}],"collection":[{"href":"https:\/\/www.louizaauktion.com\/en\/wp-json\/wp\/v2\/product"}],"about":[{"href":"https:\/\/www.louizaauktion.com\/en\/wp-json\/wp\/v2\/types\/product"}],"replies":[{"embeddable":true,"href":"https:\/\/www.louizaauktion.com\/en\/wp-json\/wp\/v2\/comments?post=41871"}],"wp:featuredmedia":[{"embeddable":true,"href":"https:\/\/www.louizaauktion.com\/en\/wp-json\/wp\/v2\/media\/41430"}],"wp:attachment":[{"href":"https:\/\/www.louizaauktion.com\/en\/wp-json\/wp\/v2\/media?parent=41871"}],"wp:term":[{"taxonomy":"product_brand","embeddable":true,"href":"https:\/\/www.louizaauktion.com\/en\/wp-json\/wp\/v2\/product_brand?post=41871"},{"taxonomy":"product_cat","embeddable":true,"href":"https:\/\/www.louizaauktion.com\/en\/wp-json\/wp\/v2\/product_cat?post=41871"},{"taxonomy":"product_tag","embeddable":true,"href":"https:\/\/www.louizaauktion.com\/en\/wp-json\/wp\/v2\/product_tag?post=41871"}],"curies":[{"name":"wp","href":"https:\/\/api.w.org\/{rel}","templated":true}]}}