{"id":41864,"date":"2026-02-12T11:55:50","date_gmt":"2026-02-12T11:55:50","guid":{"rendered":"https:\/\/www.louizaauktion.com\/product\/jean-cocteau-1958-1959-octogone-1958-1er-variante\/"},"modified":"2026-02-12T11:55:50","modified_gmt":"2026-02-12T11:55:50","slug":"jean-cocteau-1958-1959-octogone-1958-1er-variante","status":"publish","type":"product","link":"https:\/\/www.louizaauktion.com\/en\/product\/jean-cocteau-1958-1959-octogone-1958-1er-variante\/","title":{"rendered":"Jean Cocteau (1958-1959) \u00abOctagon\u00bb. 1958. 1st variant."},"content":{"rendered":"<p>Jean COCTEAU (1958-1959)<br \/>\n\u00ab&quot;Octagon&quot;. 1958. 1st variant.<br \/>\nOctagonal pendant made from a cut-out red earthenware ceramic plaque, depicting a stylized face in relief. Signed &quot;Jean Cocteau&quot; on the back.<br \/>\nDimensions: 6.8 x 5 cm.<br \/>\nBibliography: Referenced in the catalogue Jean Cocteau, C\u00e9ramiques, catalogue raisonn\u00e9 de Madame Gu\u00e9dras, \u00c9ditions Teillet-Dermit, 1989, page 217, R.B8, 1st variant.<br \/>\n300\/500\u20ac<\/p>","protected":false},"excerpt":{"rendered":"<p>\u2013<\/p>","protected":false},"featured_media":41416,"comment_status":"open","ping_status":"closed","template":"","meta":{"_acf_changed":false},"product_brand":[],"product_cat":[15],"product_tag":[76],"class_list":{"0":"post-41864","1":"product","2":"type-product","3":"status-publish","4":"has-post-thumbnail","6":"product_cat-uncategorized","7":"product_tag-vente-2026-02-28","9":"first","10":"instock","11":"shipping-taxable","12":"purchasable","13":"product-type-simple"},"acf":[],"_links":{"self":[{"href":"https:\/\/www.louizaauktion.com\/en\/wp-json\/wp\/v2\/product\/41864","targetHints":{"allow":["GET"]}}],"collection":[{"href":"https:\/\/www.louizaauktion.com\/en\/wp-json\/wp\/v2\/product"}],"about":[{"href":"https:\/\/www.louizaauktion.com\/en\/wp-json\/wp\/v2\/types\/product"}],"replies":[{"embeddable":true,"href":"https:\/\/www.louizaauktion.com\/en\/wp-json\/wp\/v2\/comments?post=41864"}],"wp:featuredmedia":[{"embeddable":true,"href":"https:\/\/www.louizaauktion.com\/en\/wp-json\/wp\/v2\/media\/41416"}],"wp:attachment":[{"href":"https:\/\/www.louizaauktion.com\/en\/wp-json\/wp\/v2\/media?parent=41864"}],"wp:term":[{"taxonomy":"product_brand","embeddable":true,"href":"https:\/\/www.louizaauktion.com\/en\/wp-json\/wp\/v2\/product_brand?post=41864"},{"taxonomy":"product_cat","embeddable":true,"href":"https:\/\/www.louizaauktion.com\/en\/wp-json\/wp\/v2\/product_cat?post=41864"},{"taxonomy":"product_tag","embeddable":true,"href":"https:\/\/www.louizaauktion.com\/en\/wp-json\/wp\/v2\/product_tag?post=41864"}],"curies":[{"name":"wp","href":"https:\/\/api.w.org\/{rel}","templated":true}]}}