{"id":41862,"date":"2026-02-12T11:55:48","date_gmt":"2026-02-12T11:55:48","guid":{"rendered":"https:\/\/www.louizaauktion.com\/product\/jean-cocteau-1958-1959-florentine-1958-2eme-variante\/"},"modified":"2026-02-12T11:55:48","modified_gmt":"2026-02-12T11:55:48","slug":"jean-cocteau-1958-1959-florentine-1958-2eme-variante","status":"publish","type":"product","link":"https:\/\/www.louizaauktion.com\/en\/product\/jean-cocteau-1958-1959-florentine-1958-2eme-variante\/","title":{"rendered":"Jean Cocteau (1958-1959) &quot;Florentine&quot;. 1958. 2nd variant."},"content":{"rendered":"<p>Jean COCTEAU (1958-1959)<br \/>\n\u00ab&quot;Florentine&quot;. 1958. 2nd variant.<br \/>\nHexagonal pendant made from a cut-out pink earthenware ceramic plaque, depicting a stylized face in relief. Signed &quot;Jean Cocteau&quot; on the back.<br \/>\nDimensions: 5.5 x 4.7 cm.<br \/>\nBibliography: Referenced in the catalogue Jean Cocteau, Ceramics, catalogue raisonn\u00e9 of Madame Gu\u00e9dras, \u00c9ditions Teillet-Dermit, 1989, page 214, R.B5, 2nd variant.<br \/>\n300\/500\u20ac<\/p>","protected":false},"excerpt":{"rendered":"<p>\u2013<\/p>","protected":false},"featured_media":41412,"comment_status":"open","ping_status":"closed","template":"","meta":{"_acf_changed":false},"product_brand":[],"product_cat":[15],"product_tag":[76],"class_list":{"0":"post-41862","1":"product","2":"type-product","3":"status-publish","4":"has-post-thumbnail","6":"product_cat-uncategorized","7":"product_tag-vente-2026-02-28","9":"first","10":"instock","11":"shipping-taxable","12":"purchasable","13":"product-type-simple"},"acf":[],"_links":{"self":[{"href":"https:\/\/www.louizaauktion.com\/en\/wp-json\/wp\/v2\/product\/41862","targetHints":{"allow":["GET"]}}],"collection":[{"href":"https:\/\/www.louizaauktion.com\/en\/wp-json\/wp\/v2\/product"}],"about":[{"href":"https:\/\/www.louizaauktion.com\/en\/wp-json\/wp\/v2\/types\/product"}],"replies":[{"embeddable":true,"href":"https:\/\/www.louizaauktion.com\/en\/wp-json\/wp\/v2\/comments?post=41862"}],"wp:featuredmedia":[{"embeddable":true,"href":"https:\/\/www.louizaauktion.com\/en\/wp-json\/wp\/v2\/media\/41412"}],"wp:attachment":[{"href":"https:\/\/www.louizaauktion.com\/en\/wp-json\/wp\/v2\/media?parent=41862"}],"wp:term":[{"taxonomy":"product_brand","embeddable":true,"href":"https:\/\/www.louizaauktion.com\/en\/wp-json\/wp\/v2\/product_brand?post=41862"},{"taxonomy":"product_cat","embeddable":true,"href":"https:\/\/www.louizaauktion.com\/en\/wp-json\/wp\/v2\/product_cat?post=41862"},{"taxonomy":"product_tag","embeddable":true,"href":"https:\/\/www.louizaauktion.com\/en\/wp-json\/wp\/v2\/product_tag?post=41862"}],"curies":[{"name":"wp","href":"https:\/\/api.w.org\/{rel}","templated":true}]}}