{"id":41824,"date":"2026-02-12T11:55:21","date_gmt":"2026-02-12T11:55:21","guid":{"rendered":"https:\/\/www.louizaauktion.com\/product\/rene-lalique-francais-1860-1945-pendulette-six-hirondelles-perchees\/"},"modified":"2026-02-12T11:55:21","modified_gmt":"2026-02-12T11:55:21","slug":"rene-lalique-francais-1860-1945-pendulette-six-hirondelles-perchees","status":"publish","type":"product","link":"https:\/\/www.louizaauktion.com\/en\/product\/rene-lalique-francais-1860-1945-pendulette-six-hirondelles-perchees\/","title":{"rendered":"RENE LALIQUE (FRENCH, 1860-1945) Clock \u00abSIX PERCHED SWALLOWS\u00bb."},"content":{"rendered":"<p>RENE LALIQUE (FRENCH, 1860-1945)<br \/>\n&quot;SIX PERCHED SWALLOWS&quot; clock.<br \/>\nA molded-pressed opalescent glass clock with a satin patina illustrates six swallows delicately sculpted on tree branches, evoking a peaceful forest setting.<br \/>\nHeight: 15.5 cm \u2013 Width: 13.5 cm.c. :;<br \/>\nBibliography: listed under number 763 in &quot;R. LALIQUE, CATALOGUE RAISONN\u00c9 DE L&#039;\u0152UVRE DE VERRE&quot; by F\u00e9lix Marcilhac, published by Les Editions de L&#039;Amateur in 2011.\u00ab<br \/>\n800\/1200\u20ac<\/p>","protected":false},"excerpt":{"rendered":"<p>\u2013<\/p>","protected":false},"featured_media":41320,"comment_status":"open","ping_status":"closed","template":"","meta":{"_acf_changed":false},"product_brand":[],"product_cat":[15],"product_tag":[76],"class_list":{"0":"post-41824","1":"product","2":"type-product","3":"status-publish","4":"has-post-thumbnail","6":"product_cat-uncategorized","7":"product_tag-vente-2026-02-28","9":"first","10":"instock","11":"shipping-taxable","12":"purchasable","13":"product-type-simple"},"acf":[],"_links":{"self":[{"href":"https:\/\/www.louizaauktion.com\/en\/wp-json\/wp\/v2\/product\/41824","targetHints":{"allow":["GET"]}}],"collection":[{"href":"https:\/\/www.louizaauktion.com\/en\/wp-json\/wp\/v2\/product"}],"about":[{"href":"https:\/\/www.louizaauktion.com\/en\/wp-json\/wp\/v2\/types\/product"}],"replies":[{"embeddable":true,"href":"https:\/\/www.louizaauktion.com\/en\/wp-json\/wp\/v2\/comments?post=41824"}],"wp:featuredmedia":[{"embeddable":true,"href":"https:\/\/www.louizaauktion.com\/en\/wp-json\/wp\/v2\/media\/41320"}],"wp:attachment":[{"href":"https:\/\/www.louizaauktion.com\/en\/wp-json\/wp\/v2\/media?parent=41824"}],"wp:term":[{"taxonomy":"product_brand","embeddable":true,"href":"https:\/\/www.louizaauktion.com\/en\/wp-json\/wp\/v2\/product_brand?post=41824"},{"taxonomy":"product_cat","embeddable":true,"href":"https:\/\/www.louizaauktion.com\/en\/wp-json\/wp\/v2\/product_cat?post=41824"},{"taxonomy":"product_tag","embeddable":true,"href":"https:\/\/www.louizaauktion.com\/en\/wp-json\/wp\/v2\/product_tag?post=41824"}],"curies":[{"name":"wp","href":"https:\/\/api.w.org\/{rel}","templated":true}]}}