{"id":41120,"date":"2025-11-18T15:49:37","date_gmt":"2025-11-18T15:49:37","guid":{"rendered":"https:\/\/www.louizaauktion.com\/product\/salvador-dali-1904-1989-la-cour-du-lion-1974\/"},"modified":"2025-11-18T15:49:37","modified_gmt":"2025-11-18T15:49:37","slug":"salvador-dali-1904-1989-la-cour-du-lion-1974","status":"publish","type":"product","link":"https:\/\/www.louizaauktion.com\/en\/product\/salvador-dali-1904-1989-la-cour-du-lion-1974\/","title":{"rendered":"Salvador DALI (1904-1989) \u2013 The Lion&#039;s Court, 1974"},"content":{"rendered":"<p>Salvador DALI (1904-1989) \u2013 The Lion&#039;s Court, 1974.<br \/>\n Original drypoint and stencil on paper, signed in pencil and numbered 198\/250. From the portfolio &quot;Le Bestiaire de La Fontaine Dalinis\u00e9&quot; (The Dalinian Bestiary of La Fontaine). Publisher: Robert Mouret, Editions des Ma\u00eetres Contemporains, 1974. Ref.: Michler-L\u00f6psinger 653-664. Good condition, 76 x 57 cm.<br \/>\n Original drypoint and stencil drawing on paper, signed in pencil and numbered 198\/250. Extracted from the portfolio &quot;Le Bestiaire de La Fontaine dalinis\u00e9&quot; (The Dalinian Bestiary of La Fontaine). Publisher: Robert Mouret, Editions des Ma\u00eetres Contemporains, 1974. Ref.: Michler-L\u00f6psinger 653-664. Good condition, 76 x 57 cm.<br \/>\n2000\/2400\u20ac<\/p>","protected":false},"excerpt":{"rendered":"<p>\u2013<\/p>","protected":false},"featured_media":40721,"comment_status":"open","ping_status":"closed","template":"","meta":{"_acf_changed":false},"product_brand":[],"product_cat":[15],"product_tag":[75],"class_list":{"0":"post-41120","1":"product","2":"type-product","3":"status-publish","4":"has-post-thumbnail","6":"product_cat-uncategorized","7":"product_tag-vente-2025-11-29","9":"first","10":"instock","11":"shipping-taxable","12":"purchasable","13":"product-type-simple"},"acf":[],"_links":{"self":[{"href":"https:\/\/www.louizaauktion.com\/en\/wp-json\/wp\/v2\/product\/41120","targetHints":{"allow":["GET"]}}],"collection":[{"href":"https:\/\/www.louizaauktion.com\/en\/wp-json\/wp\/v2\/product"}],"about":[{"href":"https:\/\/www.louizaauktion.com\/en\/wp-json\/wp\/v2\/types\/product"}],"replies":[{"embeddable":true,"href":"https:\/\/www.louizaauktion.com\/en\/wp-json\/wp\/v2\/comments?post=41120"}],"wp:featuredmedia":[{"embeddable":true,"href":"https:\/\/www.louizaauktion.com\/en\/wp-json\/wp\/v2\/media\/40721"}],"wp:attachment":[{"href":"https:\/\/www.louizaauktion.com\/en\/wp-json\/wp\/v2\/media?parent=41120"}],"wp:term":[{"taxonomy":"product_brand","embeddable":true,"href":"https:\/\/www.louizaauktion.com\/en\/wp-json\/wp\/v2\/product_brand?post=41120"},{"taxonomy":"product_cat","embeddable":true,"href":"https:\/\/www.louizaauktion.com\/en\/wp-json\/wp\/v2\/product_cat?post=41120"},{"taxonomy":"product_tag","embeddable":true,"href":"https:\/\/www.louizaauktion.com\/en\/wp-json\/wp\/v2\/product_tag?post=41120"}],"curies":[{"name":"wp","href":"https:\/\/api.w.org\/{rel}","templated":true}]}}