{"id":41026,"date":"2025-11-18T15:46:16","date_gmt":"2025-11-18T15:46:16","guid":{"rendered":"https:\/\/www.louizaauktion.com\/product\/jerome-mesnager-ne-en-1961-sans-titre-1991\/"},"modified":"2025-11-18T15:46:16","modified_gmt":"2025-11-18T15:46:16","slug":"jerome-mesnager-ne-en-1961-sans-titre-1991","status":"publish","type":"product","link":"https:\/\/www.louizaauktion.com\/en\/product\/jerome-mesnager-ne-en-1961-sans-titre-1991\/","title":{"rendered":"J\u00e9r\u00f4me MESNAGER (Born in 1961) Untitled, 1991"},"content":{"rendered":"<p>J\u00e9r\u00f4me MESNAGER (Born in 1961) Untitled, 1991. Acrylic on wood panel. Signed and dated lower right. 243 x 220 cm<br \/>\n3000\/4000\u20ac<\/p>","protected":false},"excerpt":{"rendered":"<p>\u2013<\/p>","protected":false},"featured_media":40543,"comment_status":"open","ping_status":"closed","template":"","meta":{"_acf_changed":false},"product_brand":[],"product_cat":[15],"product_tag":[75],"class_list":{"0":"post-41026","1":"product","2":"type-product","3":"status-publish","4":"has-post-thumbnail","6":"product_cat-uncategorized","7":"product_tag-vente-2025-11-29","9":"first","10":"instock","11":"shipping-taxable","12":"purchasable","13":"product-type-simple"},"acf":[],"_links":{"self":[{"href":"https:\/\/www.louizaauktion.com\/en\/wp-json\/wp\/v2\/product\/41026","targetHints":{"allow":["GET"]}}],"collection":[{"href":"https:\/\/www.louizaauktion.com\/en\/wp-json\/wp\/v2\/product"}],"about":[{"href":"https:\/\/www.louizaauktion.com\/en\/wp-json\/wp\/v2\/types\/product"}],"replies":[{"embeddable":true,"href":"https:\/\/www.louizaauktion.com\/en\/wp-json\/wp\/v2\/comments?post=41026"}],"wp:featuredmedia":[{"embeddable":true,"href":"https:\/\/www.louizaauktion.com\/en\/wp-json\/wp\/v2\/media\/40543"}],"wp:attachment":[{"href":"https:\/\/www.louizaauktion.com\/en\/wp-json\/wp\/v2\/media?parent=41026"}],"wp:term":[{"taxonomy":"product_brand","embeddable":true,"href":"https:\/\/www.louizaauktion.com\/en\/wp-json\/wp\/v2\/product_brand?post=41026"},{"taxonomy":"product_cat","embeddable":true,"href":"https:\/\/www.louizaauktion.com\/en\/wp-json\/wp\/v2\/product_cat?post=41026"},{"taxonomy":"product_tag","embeddable":true,"href":"https:\/\/www.louizaauktion.com\/en\/wp-json\/wp\/v2\/product_tag?post=41026"}],"curies":[{"name":"wp","href":"https:\/\/api.w.org\/{rel}","templated":true}]}}