{"id":40064,"date":"2025-10-14T13:04:24","date_gmt":"2025-10-14T13:04:24","guid":{"rendered":"https:\/\/www.louizaauktion.com\/product\/cesar-baldaccini-1921-1998-quelques-cornieres-dit-plaque-chevalier-circa-1957-1973\/"},"modified":"2025-10-14T13:04:24","modified_gmt":"2025-10-14T13:04:24","slug":"cesar-baldaccini-1921-1998-quelques-cornieres-dit-plaque-chevalier-circa-1957-1973","status":"publish","type":"product","link":"https:\/\/www.louizaauktion.com\/en\/product\/cesar-baldaccini-1921-1998-quelques-cornieres-dit-plaque-chevalier-circa-1957-1973\/","title":{"rendered":"C\u00c9SAR BALDACCINI (1921-1998) &#039;SOME CORNERS&#039;, known as a knight&#039;s plaque, circa 1957-1973."},"content":{"rendered":"<p>CAESAR BALDACCINI (1921-1998)<br \/>\n&#039;SOME CORNERS&#039;, said knight plaque, circa 1957-1973.<br \/>\nBronze sculpture with golden patina on a steel base, signed and dated 1957, numbered 7\/8, foundry stamp on the edge of the base. Blanchet Fondeur Paris.<br \/>\nHeight: 44, Width: 33.5, Depth: 12.5 cm.<br \/>\n(16.77 x 11.70 x 5.46 in.)<br \/>\nThe work is listed in the Denyse Durand-Ruel archives under number 237.<br \/>\nExhibitions: Paris, Galerie Creuze, sculpture of today, 1963, a similar copy.<br \/>\nTokyo, Yoshii Gallery, C\u00e9sar, 1982, a similar copy<br \/>\nBibliography: Edouard Jaguer, Poetics of Sculpture, Cahier du Mus\u00e9e de Poche, 1960, a similar copy. Exhibition Catalogue Galerie Yoshii, Tokyo, n\u00b016, a similar copy Jean-Charles Hachet, C\u00e9sar or the Metamorphoses of a Great Art, Editions Varia, Paris, 1989, a similar copy reproduced under n\u00b034 p.30. Denyse Durand-Ruel, C\u00e9sar, Catalogue raisonn\u00e9, volume I, 1947-1964, Editions de la Diff\u00e9rence, 1994, reproduced under n\u00b0202 p.177.<br \/>\nComment: In 1973, bronze edition, Fondeur Landowski, 8 ex+1EA +3 HC Work published with different dates. <\/p>\n<p>This sculpture has sometimes been published with the title &#039;Plaque Chevalier&#039;, named after Denys Chevalier, the first owner of the welded iron. <\/p>\n<p>15000\/18000\u20ac<\/p>","protected":false},"excerpt":{"rendered":"<p>\u2013<\/p>","protected":false},"featured_media":39683,"comment_status":"open","ping_status":"closed","template":"","meta":{"_acf_changed":false},"product_brand":[],"product_cat":[15],"product_tag":[74],"class_list":{"0":"post-40064","1":"product","2":"type-product","3":"status-publish","4":"has-post-thumbnail","6":"product_cat-uncategorized","7":"product_tag-vente-2025-10-25","9":"first","10":"instock","11":"shipping-taxable","12":"purchasable","13":"product-type-simple"},"acf":[],"_links":{"self":[{"href":"https:\/\/www.louizaauktion.com\/en\/wp-json\/wp\/v2\/product\/40064","targetHints":{"allow":["GET"]}}],"collection":[{"href":"https:\/\/www.louizaauktion.com\/en\/wp-json\/wp\/v2\/product"}],"about":[{"href":"https:\/\/www.louizaauktion.com\/en\/wp-json\/wp\/v2\/types\/product"}],"replies":[{"embeddable":true,"href":"https:\/\/www.louizaauktion.com\/en\/wp-json\/wp\/v2\/comments?post=40064"}],"wp:featuredmedia":[{"embeddable":true,"href":"https:\/\/www.louizaauktion.com\/en\/wp-json\/wp\/v2\/media\/39683"}],"wp:attachment":[{"href":"https:\/\/www.louizaauktion.com\/en\/wp-json\/wp\/v2\/media?parent=40064"}],"wp:term":[{"taxonomy":"product_brand","embeddable":true,"href":"https:\/\/www.louizaauktion.com\/en\/wp-json\/wp\/v2\/product_brand?post=40064"},{"taxonomy":"product_cat","embeddable":true,"href":"https:\/\/www.louizaauktion.com\/en\/wp-json\/wp\/v2\/product_cat?post=40064"},{"taxonomy":"product_tag","embeddable":true,"href":"https:\/\/www.louizaauktion.com\/en\/wp-json\/wp\/v2\/product_tag?post=40064"}],"curies":[{"name":"wp","href":"https:\/\/api.w.org\/{rel}","templated":true}]}}