{"id":40015,"date":"2025-10-14T13:00:20","date_gmt":"2025-10-14T13:00:20","guid":{"rendered":"https:\/\/www.louizaauktion.com\/product\/francois-xavier-lalanne-manufacture-nationale-de-sevres-1927-2008-seau-a-glace-oeuf-modele-cree-en-1968\/"},"modified":"2025-10-14T13:00:20","modified_gmt":"2025-10-14T13:00:20","slug":"francois-xavier-lalanne-manufacture-nationale-de-sevres-1927-2008-seau-a-glace-oeuf-modele-cree-en-1968","status":"publish","type":"product","link":"https:\/\/www.louizaauktion.com\/en\/product\/francois-xavier-lalanne-manufacture-nationale-de-sevres-1927-2008-seau-a-glace-oeuf-modele-cree-en-1968\/","title":{"rendered":"Fran\u00e7ois-Xavier LALANNE &amp; Manufacture Nationale de S\u00e8vres (1927-2008) &#039;Egg&#039; ice bucket, model created in 1968."},"content":{"rendered":"<p>Fran\u00e7ois-Xavier LALANNE &amp; Manufacture Nationale de S\u00e8vres (1927-2008)<br \/>\n&#039;Egg&#039; ice bucket, model created in 1968.<br \/>\nBiscuit and hammered gold metal. Monogrammed &#039;FXL&#039; and stamp of the Manufacture Nationale de S\u00e8vres.<br \/>\nMetal base.<br \/>\nHeight: 24 cm.<br \/>\nProvenance: Private collection, Belgium.<br \/>\nBibliography: Robert Rosenblum, Les Lalanne, \u00c9ditions Skira, Geneva, 1991, p.47 Jean-Paul Midant, S\u00e8vres la Manufacture au XXe si\u00e8cle, Michel Aveline \u00c9diteurs, Paris, 1992, p.236 Daniel Marchesseau, Les Lalanne, \u00c9ditions Flammarion, Paris, 1998, p.88-89 Daniel Abadie, Lalanne(s), \u00c9ditions Flammarion, Paris, 2008, p.94-95 Fran\u00e7ois-Xavier LALANNE &amp; Manufature Nationale de S\u00e8vres (1927-2008) A biscuitware and metal ice bucket \u201cOeuf\u201d by Fran\u00e7ois-Xavier Lalanne, monogrammed and stamped \u2013 model created in 1968 Height : 9.44 in. <\/p>\n<p>5000\/6000\u20ac<\/p>","protected":false},"excerpt":{"rendered":"<p>\u2013<\/p>","protected":false},"featured_media":39558,"comment_status":"open","ping_status":"closed","template":"","meta":{"_acf_changed":false},"product_brand":[],"product_cat":[15],"product_tag":[74],"class_list":{"0":"post-40015","1":"product","2":"type-product","3":"status-publish","4":"has-post-thumbnail","6":"product_cat-uncategorized","7":"product_tag-vente-2025-10-25","9":"first","10":"instock","11":"shipping-taxable","12":"purchasable","13":"product-type-simple"},"acf":[],"_links":{"self":[{"href":"https:\/\/www.louizaauktion.com\/en\/wp-json\/wp\/v2\/product\/40015","targetHints":{"allow":["GET"]}}],"collection":[{"href":"https:\/\/www.louizaauktion.com\/en\/wp-json\/wp\/v2\/product"}],"about":[{"href":"https:\/\/www.louizaauktion.com\/en\/wp-json\/wp\/v2\/types\/product"}],"replies":[{"embeddable":true,"href":"https:\/\/www.louizaauktion.com\/en\/wp-json\/wp\/v2\/comments?post=40015"}],"wp:featuredmedia":[{"embeddable":true,"href":"https:\/\/www.louizaauktion.com\/en\/wp-json\/wp\/v2\/media\/39558"}],"wp:attachment":[{"href":"https:\/\/www.louizaauktion.com\/en\/wp-json\/wp\/v2\/media?parent=40015"}],"wp:term":[{"taxonomy":"product_brand","embeddable":true,"href":"https:\/\/www.louizaauktion.com\/en\/wp-json\/wp\/v2\/product_brand?post=40015"},{"taxonomy":"product_cat","embeddable":true,"href":"https:\/\/www.louizaauktion.com\/en\/wp-json\/wp\/v2\/product_cat?post=40015"},{"taxonomy":"product_tag","embeddable":true,"href":"https:\/\/www.louizaauktion.com\/en\/wp-json\/wp\/v2\/product_tag?post=40015"}],"curies":[{"name":"wp","href":"https:\/\/api.w.org\/{rel}","templated":true}]}}