{"id":3951,"date":"2021-11-10T08:51:28","date_gmt":"2021-11-10T08:51:28","guid":{"rendered":"https:\/\/louiza-auktion.wtb.agency\/product\/bernard-buffet-1928-1999\/"},"modified":"2021-11-10T08:51:28","modified_gmt":"2021-11-10T08:51:28","slug":"bernard-buffet-1928-1999","status":"publish","type":"product","link":"https:\/\/www.louizaauktion.com\/en\/product\/bernard-buffet-1928-1999\/","title":{"rendered":"Bernard BUFFET (1928-1999)"},"content":{"rendered":"<p>By the Will of the People \u2013 1989 Preface by Andr\u00e9 COMBES Book published on the occasion of the Bicentenary of the French Revolution Embossed binding depicting the Marianne after Bernard BUFFET on one side and the artist&#039;s signature in large on the other . Copy numbered 166\/450 38 x 28 cm (leather binding damaged at the top right)<\/p>\n<p>50\/70\u20ac<\/p>","protected":false},"excerpt":{"rendered":"<p>Par la volont\u00e9 du Peuple &#8211; 1989 Pr\u00e9face d\u2019Andr\u00e9 COMBES Ouvrage \u00e9dit\u00e9 \u00e0 l\u2019occasion du Bicentenaire de la R\u00e9volution Fran\u00e7aise Reliure gauffr\u00e9e figurant la Marianne d\u2019apr\u00e8s Bernard BUFFET sur une [&hellip;]<\/p>\n","protected":false},"featured_media":3653,"comment_status":"open","ping_status":"closed","template":"","meta":{"_acf_changed":false},"product_brand":[],"product_cat":[15],"product_tag":[33],"class_list":{"0":"post-3951","1":"product","2":"type-product","3":"status-publish","4":"has-post-thumbnail","6":"product_cat-uncategorized","7":"product_tag-vente-20-11-21","9":"first","10":"instock","11":"shipping-taxable","12":"purchasable","13":"product-type-simple"},"acf":[],"_links":{"self":[{"href":"https:\/\/www.louizaauktion.com\/en\/wp-json\/wp\/v2\/product\/3951","targetHints":{"allow":["GET"]}}],"collection":[{"href":"https:\/\/www.louizaauktion.com\/en\/wp-json\/wp\/v2\/product"}],"about":[{"href":"https:\/\/www.louizaauktion.com\/en\/wp-json\/wp\/v2\/types\/product"}],"replies":[{"embeddable":true,"href":"https:\/\/www.louizaauktion.com\/en\/wp-json\/wp\/v2\/comments?post=3951"}],"wp:featuredmedia":[{"embeddable":true,"href":"https:\/\/www.louizaauktion.com\/en\/wp-json\/wp\/v2\/media\/3653"}],"wp:attachment":[{"href":"https:\/\/www.louizaauktion.com\/en\/wp-json\/wp\/v2\/media?parent=3951"}],"wp:term":[{"taxonomy":"product_brand","embeddable":true,"href":"https:\/\/www.louizaauktion.com\/en\/wp-json\/wp\/v2\/product_brand?post=3951"},{"taxonomy":"product_cat","embeddable":true,"href":"https:\/\/www.louizaauktion.com\/en\/wp-json\/wp\/v2\/product_cat?post=3951"},{"taxonomy":"product_tag","embeddable":true,"href":"https:\/\/www.louizaauktion.com\/en\/wp-json\/wp\/v2\/product_tag?post=3951"}],"curies":[{"name":"wp","href":"https:\/\/api.w.org\/{rel}","templated":true}]}}