{"id":3941,"date":"2021-11-10T08:51:26","date_gmt":"2021-11-10T08:51:26","guid":{"rendered":"https:\/\/louiza-auktion.wtb.agency\/product\/shepard-fairey-obey-giant-dit-ne-en-1970-9\/"},"modified":"2021-11-10T08:51:26","modified_gmt":"2021-11-10T08:51:26","slug":"shepard-fairey-obey-giant-dit-ne-en-1970-9","status":"publish","type":"product","link":"https:\/\/www.louizaauktion.com\/en\/product\/shepard-fairey-obey-giant-dit-ne-en-1970-9\/","title":{"rendered":"Shepard FAIREY (Obey Giant said) (Born in 1970)"},"content":{"rendered":"<p>American Rage, 2020<\/p>\n<p>Color serigraph on paper <\/p>\n<p>Signed and dated lower right<\/p>\n<p>91.5 x 63.5cm (36 x 24 inch)<\/p>\n<p>150\/200\u20ac<\/p>","protected":false},"excerpt":{"rendered":"<p>American rage, 2020 S\u00e9rigraphie en couleurs sur papier Sign\u00e9e et dat\u00e9e en bas \u00e0 droite 91,5 x 63,5 cm (36 x 24 inch) 150\/200\u20ac<\/p>","protected":false},"featured_media":3641,"comment_status":"open","ping_status":"closed","template":"","meta":{"_acf_changed":false},"product_brand":[],"product_cat":[15],"product_tag":[33],"class_list":{"0":"post-3941","1":"product","2":"type-product","3":"status-publish","4":"has-post-thumbnail","6":"product_cat-uncategorized","7":"product_tag-vente-20-11-21","9":"first","10":"instock","11":"shipping-taxable","12":"purchasable","13":"product-type-simple"},"acf":[],"_links":{"self":[{"href":"https:\/\/www.louizaauktion.com\/en\/wp-json\/wp\/v2\/product\/3941","targetHints":{"allow":["GET"]}}],"collection":[{"href":"https:\/\/www.louizaauktion.com\/en\/wp-json\/wp\/v2\/product"}],"about":[{"href":"https:\/\/www.louizaauktion.com\/en\/wp-json\/wp\/v2\/types\/product"}],"replies":[{"embeddable":true,"href":"https:\/\/www.louizaauktion.com\/en\/wp-json\/wp\/v2\/comments?post=3941"}],"wp:featuredmedia":[{"embeddable":true,"href":"https:\/\/www.louizaauktion.com\/en\/wp-json\/wp\/v2\/media\/3641"}],"wp:attachment":[{"href":"https:\/\/www.louizaauktion.com\/en\/wp-json\/wp\/v2\/media?parent=3941"}],"wp:term":[{"taxonomy":"product_brand","embeddable":true,"href":"https:\/\/www.louizaauktion.com\/en\/wp-json\/wp\/v2\/product_brand?post=3941"},{"taxonomy":"product_cat","embeddable":true,"href":"https:\/\/www.louizaauktion.com\/en\/wp-json\/wp\/v2\/product_cat?post=3941"},{"taxonomy":"product_tag","embeddable":true,"href":"https:\/\/www.louizaauktion.com\/en\/wp-json\/wp\/v2\/product_tag?post=3941"}],"curies":[{"name":"wp","href":"https:\/\/api.w.org\/{rel}","templated":true}]}}