{"id":3931,"date":"2021-11-10T08:51:24","date_gmt":"2021-11-10T08:51:24","guid":{"rendered":"https:\/\/louiza-auktion.wtb.agency\/product\/edvard-munch-1863-1944\/"},"modified":"2021-11-10T08:51:24","modified_gmt":"2021-11-10T08:51:24","slug":"edvard-munch-1863-1944","status":"publish","type":"product","link":"https:\/\/www.louizaauktion.com\/en\/product\/edvard-munch-1863-1944\/","title":{"rendered":"EDVARD MUNCH (1863-1944)"},"content":{"rendered":"<p>I alone<\/p>\n<p>Lithograph on vellum<\/p>\n<p>Signed in pencil lower right. <\/p>\n<p>Dry stamp lower right.<\/p>\n<p>Lithograph on wove paper; signed<\/p>\n<p>Subject: 18.1 x 24.9 cm; Page: 27.7 x 35 cm \u2013 Image: 7.13 x 9.81 in. ; Sheet: 10.91 x 13.78 in.<\/p>\n<p>300\/400\u20ac<\/p>","protected":false},"excerpt":{"rendered":"<p>I solitari Lithographie sur v\u00e9lin Porte une signature au crayon en bas \u00e0 droite. Timbre sec en bas \u00e0 droite. Lithograph on wove paper; signed Sujet : 18,1 x 24,9 [&hellip;]<\/p>\n","protected":false},"featured_media":3631,"comment_status":"open","ping_status":"closed","template":"","meta":{"_acf_changed":false},"product_brand":[],"product_cat":[15],"product_tag":[33],"class_list":{"0":"post-3931","1":"product","2":"type-product","3":"status-publish","4":"has-post-thumbnail","6":"product_cat-uncategorized","7":"product_tag-vente-20-11-21","9":"first","10":"instock","11":"shipping-taxable","12":"purchasable","13":"product-type-simple"},"acf":[],"_links":{"self":[{"href":"https:\/\/www.louizaauktion.com\/en\/wp-json\/wp\/v2\/product\/3931","targetHints":{"allow":["GET"]}}],"collection":[{"href":"https:\/\/www.louizaauktion.com\/en\/wp-json\/wp\/v2\/product"}],"about":[{"href":"https:\/\/www.louizaauktion.com\/en\/wp-json\/wp\/v2\/types\/product"}],"replies":[{"embeddable":true,"href":"https:\/\/www.louizaauktion.com\/en\/wp-json\/wp\/v2\/comments?post=3931"}],"wp:featuredmedia":[{"embeddable":true,"href":"https:\/\/www.louizaauktion.com\/en\/wp-json\/wp\/v2\/media\/3631"}],"wp:attachment":[{"href":"https:\/\/www.louizaauktion.com\/en\/wp-json\/wp\/v2\/media?parent=3931"}],"wp:term":[{"taxonomy":"product_brand","embeddable":true,"href":"https:\/\/www.louizaauktion.com\/en\/wp-json\/wp\/v2\/product_brand?post=3931"},{"taxonomy":"product_cat","embeddable":true,"href":"https:\/\/www.louizaauktion.com\/en\/wp-json\/wp\/v2\/product_cat?post=3931"},{"taxonomy":"product_tag","embeddable":true,"href":"https:\/\/www.louizaauktion.com\/en\/wp-json\/wp\/v2\/product_tag?post=3931"}],"curies":[{"name":"wp","href":"https:\/\/api.w.org\/{rel}","templated":true}]}}