{"id":3915,"date":"2021-11-10T08:51:21","date_gmt":"2021-11-10T08:51:21","guid":{"rendered":"https:\/\/louiza-auktion.wtb.agency\/product\/louis-toffoli-1907-1999-2\/"},"modified":"2021-11-10T08:51:21","modified_gmt":"2021-11-10T08:51:21","slug":"louis-toffoli-1907-1999-2","status":"publish","type":"product","link":"https:\/\/www.louizaauktion.com\/en\/product\/louis-toffoli-1907-1999-2\/","title":{"rendered":"Louis TOFFOLI (1907-1999)"},"content":{"rendered":"<p>The spanish guitarist ,1953<\/p>\n<p>Oil on canvas. Signed lower right. Signed and titled on the back<\/p>\n<p>101 x 81cm<\/p>\n<p>Bibliography: \u2013 \u201cLouis Toffoli. Recieved catalog. Volume I\u201d by Jeanine P\u00e9lissier (listed under n\u00b0 993 p. 232).<\/p>\n<p>Exhibitions: \u2013 \u201cTribute to Toffoli\u201d, Charenton le Pont, 1979. \u2013 \u201cRetrospective Toffoli\u201d, Mus\u00e9e du Petit Luxembourg, Paris, 1990. \u2013 \u201cToffoli\u201d, Mus\u00e9e des Augustins, Toulouse, 1991.<\/p>\n<p>5500\/6500\u20ac<\/p>","protected":false},"excerpt":{"rendered":"<p>La guitariste espagnole ,1953 Huile sur toile. Sign\u00e9 en bas \u00e0 droite. Sign\u00e9 et titr\u00e9 au dos 101 x 81 cm Bibliographie : &#8211; \u201cLouis Toffoli. Catalogue Raisonn\u00e9. Tome I\u201d [&hellip;]<\/p>\n","protected":false},"featured_media":3613,"comment_status":"open","ping_status":"closed","template":"","meta":{"_acf_changed":false},"product_brand":[],"product_cat":[15],"product_tag":[33],"class_list":{"0":"post-3915","1":"product","2":"type-product","3":"status-publish","4":"has-post-thumbnail","6":"product_cat-uncategorized","7":"product_tag-vente-20-11-21","9":"first","10":"instock","11":"shipping-taxable","12":"purchasable","13":"product-type-simple"},"acf":[],"_links":{"self":[{"href":"https:\/\/www.louizaauktion.com\/en\/wp-json\/wp\/v2\/product\/3915","targetHints":{"allow":["GET"]}}],"collection":[{"href":"https:\/\/www.louizaauktion.com\/en\/wp-json\/wp\/v2\/product"}],"about":[{"href":"https:\/\/www.louizaauktion.com\/en\/wp-json\/wp\/v2\/types\/product"}],"replies":[{"embeddable":true,"href":"https:\/\/www.louizaauktion.com\/en\/wp-json\/wp\/v2\/comments?post=3915"}],"wp:featuredmedia":[{"embeddable":true,"href":"https:\/\/www.louizaauktion.com\/en\/wp-json\/wp\/v2\/media\/3613"}],"wp:attachment":[{"href":"https:\/\/www.louizaauktion.com\/en\/wp-json\/wp\/v2\/media?parent=3915"}],"wp:term":[{"taxonomy":"product_brand","embeddable":true,"href":"https:\/\/www.louizaauktion.com\/en\/wp-json\/wp\/v2\/product_brand?post=3915"},{"taxonomy":"product_cat","embeddable":true,"href":"https:\/\/www.louizaauktion.com\/en\/wp-json\/wp\/v2\/product_cat?post=3915"},{"taxonomy":"product_tag","embeddable":true,"href":"https:\/\/www.louizaauktion.com\/en\/wp-json\/wp\/v2\/product_tag?post=3915"}],"curies":[{"name":"wp","href":"https:\/\/api.w.org\/{rel}","templated":true}]}}