{"id":3908,"date":"2021-11-10T08:51:20","date_gmt":"2021-11-10T08:51:20","guid":{"rendered":"https:\/\/louiza-auktion.wtb.agency\/product\/raoul-dufy-1877-1953-6\/"},"modified":"2021-11-10T08:51:20","modified_gmt":"2021-11-10T08:51:20","slug":"raoul-dufy-1877-1953-6","status":"publish","type":"product","link":"https:\/\/www.louizaauktion.com\/en\/product\/raoul-dufy-1877-1953-6\/","title":{"rendered":"Raoul DUFY (1877-1953)"},"content":{"rendered":"<p>The Electricity Fairy. 1953.<\/p>\n<p>Set of 10 lithographs by Sorlier (after the monumental oil on plywood produced for the Electricity Pavilion at the 1937 World&#039;s Fair \u2013 now at the Museum of Modern Art, Paris).<\/p>\n<p>Album size: 665 x 1040.<\/p>\n<p>Complete suite of 10 plates.<\/p>\n<p>Perfect proofs on strong vellum, from the edition to 350 proofs, numbered 194\/350 in the composter at the bottom in Roman numerals.<\/p>\n<p>All margins.<\/p>\n<p>Total edition of 385 proofs, Pierre Ber\u00e8s publisher. Original beige canvas portfolio from the edition.<\/p>\n<p>Some moisture spots, some boards slightly yellowed, all in the grey cloth slipcase of the edition, bearing the title.<\/p>\n<p>Provenance: Sale February 2, 2007, the Succession Pierre Levy sale, at Boisseau-Pomez, Troyes under number 70.<\/p>\n<p>4500\/5500\u20ac<\/p>","protected":false},"excerpt":{"rendered":"<p>La F\u00e9e \u00c9lectricit\u00e9. 1953. Ensemble de 10 lithographies par Sorlier (d&rsquo;apr\u00e8s l&rsquo;huile sur contreplaqu\u00e9 monumentale r\u00e9alis\u00e9e pour le Pavillon de l&rsquo;\u00c9lectricit\u00e9 \u00e0 l&rsquo;Exposition universelle de 1937 &#8211; aujourd&rsquo;hui au mus\u00e9e [&hellip;]<\/p>\n","protected":false},"featured_media":3606,"comment_status":"open","ping_status":"closed","template":"","meta":{"_acf_changed":false},"product_brand":[],"product_cat":[15],"product_tag":[33],"class_list":{"0":"post-3908","1":"product","2":"type-product","3":"status-publish","4":"has-post-thumbnail","6":"product_cat-uncategorized","7":"product_tag-vente-20-11-21","9":"first","10":"instock","11":"shipping-taxable","12":"purchasable","13":"product-type-simple"},"acf":[],"_links":{"self":[{"href":"https:\/\/www.louizaauktion.com\/en\/wp-json\/wp\/v2\/product\/3908","targetHints":{"allow":["GET"]}}],"collection":[{"href":"https:\/\/www.louizaauktion.com\/en\/wp-json\/wp\/v2\/product"}],"about":[{"href":"https:\/\/www.louizaauktion.com\/en\/wp-json\/wp\/v2\/types\/product"}],"replies":[{"embeddable":true,"href":"https:\/\/www.louizaauktion.com\/en\/wp-json\/wp\/v2\/comments?post=3908"}],"wp:featuredmedia":[{"embeddable":true,"href":"https:\/\/www.louizaauktion.com\/en\/wp-json\/wp\/v2\/media\/3606"}],"wp:attachment":[{"href":"https:\/\/www.louizaauktion.com\/en\/wp-json\/wp\/v2\/media?parent=3908"}],"wp:term":[{"taxonomy":"product_brand","embeddable":true,"href":"https:\/\/www.louizaauktion.com\/en\/wp-json\/wp\/v2\/product_brand?post=3908"},{"taxonomy":"product_cat","embeddable":true,"href":"https:\/\/www.louizaauktion.com\/en\/wp-json\/wp\/v2\/product_cat?post=3908"},{"taxonomy":"product_tag","embeddable":true,"href":"https:\/\/www.louizaauktion.com\/en\/wp-json\/wp\/v2\/product_tag?post=3908"}],"curies":[{"name":"wp","href":"https:\/\/api.w.org\/{rel}","templated":true}]}}