{"id":3901,"date":"2021-11-10T08:51:18","date_gmt":"2021-11-10T08:51:18","guid":{"rendered":"https:\/\/louiza-auktion.wtb.agency\/product\/banksy-dapres-52\/"},"modified":"2021-11-10T08:51:18","modified_gmt":"2021-11-10T08:51:18","slug":"banksy-dapres-52","status":"publish","type":"product","link":"https:\/\/www.louizaauktion.com\/en\/product\/banksy-dapres-52\/","title":{"rendered":"BANKSY, According to"},"content":{"rendered":"<p>Untitled<\/p>\n<p>Color screenprint on paper, signed in the plate, Publisher&#039;s stamp lower right. Numbered to 150 copies. <\/p>\n<p>28 x 38 cm <\/p>\n<p>The publisher&#039;s certificate is attached to the work.<\/p>\n<p>150\/200\u20ac<\/p>","protected":false},"excerpt":{"rendered":"<p>Sans titre S\u00e9rigraphie en couleur sur papier, sign\u00e9e dans la planche, Cachet de l&rsquo;\u00e9diteur en bas \u00e0 droite. Num\u00e9rot\u00e9 \u00e0 150 ex. 28 x 38 cm Le certificat de l&rsquo;\u00e9diteur [&hellip;]<\/p>\n","protected":false},"featured_media":3596,"comment_status":"open","ping_status":"closed","template":"","meta":{"_acf_changed":false},"product_brand":[],"product_cat":[15],"product_tag":[33],"class_list":{"0":"post-3901","1":"product","2":"type-product","3":"status-publish","4":"has-post-thumbnail","6":"product_cat-uncategorized","7":"product_tag-vente-20-11-21","9":"first","10":"instock","11":"shipping-taxable","12":"purchasable","13":"product-type-simple"},"acf":[],"_links":{"self":[{"href":"https:\/\/www.louizaauktion.com\/en\/wp-json\/wp\/v2\/product\/3901","targetHints":{"allow":["GET"]}}],"collection":[{"href":"https:\/\/www.louizaauktion.com\/en\/wp-json\/wp\/v2\/product"}],"about":[{"href":"https:\/\/www.louizaauktion.com\/en\/wp-json\/wp\/v2\/types\/product"}],"replies":[{"embeddable":true,"href":"https:\/\/www.louizaauktion.com\/en\/wp-json\/wp\/v2\/comments?post=3901"}],"wp:featuredmedia":[{"embeddable":true,"href":"https:\/\/www.louizaauktion.com\/en\/wp-json\/wp\/v2\/media\/3596"}],"wp:attachment":[{"href":"https:\/\/www.louizaauktion.com\/en\/wp-json\/wp\/v2\/media?parent=3901"}],"wp:term":[{"taxonomy":"product_brand","embeddable":true,"href":"https:\/\/www.louizaauktion.com\/en\/wp-json\/wp\/v2\/product_brand?post=3901"},{"taxonomy":"product_cat","embeddable":true,"href":"https:\/\/www.louizaauktion.com\/en\/wp-json\/wp\/v2\/product_cat?post=3901"},{"taxonomy":"product_tag","embeddable":true,"href":"https:\/\/www.louizaauktion.com\/en\/wp-json\/wp\/v2\/product_tag?post=3901"}],"curies":[{"name":"wp","href":"https:\/\/api.w.org\/{rel}","templated":true}]}}