{"id":3877,"date":"2021-11-10T08:51:12","date_gmt":"2021-11-10T08:51:12","guid":{"rendered":"https:\/\/louiza-auktion.wtb.agency\/product\/david-yarrow-ne-en-1966-3\/"},"modified":"2021-11-10T08:51:12","modified_gmt":"2021-11-10T08:51:12","slug":"david-yarrow-ne-en-1966-3","status":"publish","type":"product","link":"https:\/\/www.louizaauktion.com\/en\/product\/david-yarrow-ne-en-1966-3\/","title":{"rendered":"David YARROW (Born in 1966)"},"content":{"rendered":"<p>Space for Giant<\/p>\n<p>Pigment print on Fuji Archival DP II Matt paper<\/p>\n<p>Signed, titled, dated, numbered on the back<\/p>\n<p>Edition of 599 copies.HENI Edition<\/p>\n<p>61.8 x 76.2 cm (24.34 x 30 in.)<\/p>\n<p>2500\/3000\u20ac<\/p>","protected":false},"excerpt":{"rendered":"<p>Space for Giant Tirage pigmentaire sur papier Fuji Archival DP II Matt Sign\u00e9, titr\u00e9, dat\u00e9, num\u00e9rot\u00e9 au dos Edition de 599 exemplaires.HENI Edition 61,8 x 76,2 cm (24.34 x 30 [&hellip;]<\/p>\n","protected":false},"featured_media":3572,"comment_status":"open","ping_status":"closed","template":"","meta":{"_acf_changed":false},"product_brand":[],"product_cat":[15],"product_tag":[33],"class_list":{"0":"post-3877","1":"product","2":"type-product","3":"status-publish","4":"has-post-thumbnail","6":"product_cat-uncategorized","7":"product_tag-vente-20-11-21","9":"first","10":"instock","11":"shipping-taxable","12":"purchasable","13":"product-type-simple"},"acf":[],"_links":{"self":[{"href":"https:\/\/www.louizaauktion.com\/en\/wp-json\/wp\/v2\/product\/3877","targetHints":{"allow":["GET"]}}],"collection":[{"href":"https:\/\/www.louizaauktion.com\/en\/wp-json\/wp\/v2\/product"}],"about":[{"href":"https:\/\/www.louizaauktion.com\/en\/wp-json\/wp\/v2\/types\/product"}],"replies":[{"embeddable":true,"href":"https:\/\/www.louizaauktion.com\/en\/wp-json\/wp\/v2\/comments?post=3877"}],"wp:featuredmedia":[{"embeddable":true,"href":"https:\/\/www.louizaauktion.com\/en\/wp-json\/wp\/v2\/media\/3572"}],"wp:attachment":[{"href":"https:\/\/www.louizaauktion.com\/en\/wp-json\/wp\/v2\/media?parent=3877"}],"wp:term":[{"taxonomy":"product_brand","embeddable":true,"href":"https:\/\/www.louizaauktion.com\/en\/wp-json\/wp\/v2\/product_brand?post=3877"},{"taxonomy":"product_cat","embeddable":true,"href":"https:\/\/www.louizaauktion.com\/en\/wp-json\/wp\/v2\/product_cat?post=3877"},{"taxonomy":"product_tag","embeddable":true,"href":"https:\/\/www.louizaauktion.com\/en\/wp-json\/wp\/v2\/product_tag?post=3877"}],"curies":[{"name":"wp","href":"https:\/\/api.w.org\/{rel}","templated":true}]}}