{"id":3874,"date":"2021-11-10T08:51:12","date_gmt":"2021-11-10T08:51:12","guid":{"rendered":"https:\/\/louiza-auktion.wtb.agency\/product\/keith-haring-dapres-4\/"},"modified":"2021-11-10T08:51:12","modified_gmt":"2021-11-10T08:51:12","slug":"keith-haring-dapres-4","status":"publish","type":"product","link":"https:\/\/www.louizaauktion.com\/en\/product\/keith-haring-dapres-4\/","title":{"rendered":"KEITH HARING , According to"},"content":{"rendered":"<p>Untitled, 1984<\/p>\n<p>Set of 3 color screen prints on wooden skateboard deck. Edition of 500 copies produced and numbered by THE SKATEROOM in 2019 under the license ARTESTAR, NEW-YORK, The KEITH HARING FOUNDATION <\/p>\n<p>Bears the logo of the Keith Haring Foundation.<\/p>\n<p>80 x 20 cm \u2013 31 x 8 in. (each)<\/p>\n<p>1200\/1500\u20ac<\/p>","protected":false},"excerpt":{"rendered":"<p>Untitled, 1984 Ensemble de 3 s\u00e9rigraphies en couleurs sur planche de skateboard en bois. Edition de 500 exemplaires produits et num\u00e9rot\u00e9s par THE SKATEROOM en 2019 sous la licence ARTESTAR [&hellip;]<\/p>\n","protected":false},"featured_media":3569,"comment_status":"open","ping_status":"closed","template":"","meta":{"_acf_changed":false},"product_brand":[],"product_cat":[15],"product_tag":[33],"class_list":{"0":"post-3874","1":"product","2":"type-product","3":"status-publish","4":"has-post-thumbnail","6":"product_cat-uncategorized","7":"product_tag-vente-20-11-21","9":"first","10":"instock","11":"shipping-taxable","12":"purchasable","13":"product-type-simple"},"acf":[],"_links":{"self":[{"href":"https:\/\/www.louizaauktion.com\/en\/wp-json\/wp\/v2\/product\/3874","targetHints":{"allow":["GET"]}}],"collection":[{"href":"https:\/\/www.louizaauktion.com\/en\/wp-json\/wp\/v2\/product"}],"about":[{"href":"https:\/\/www.louizaauktion.com\/en\/wp-json\/wp\/v2\/types\/product"}],"replies":[{"embeddable":true,"href":"https:\/\/www.louizaauktion.com\/en\/wp-json\/wp\/v2\/comments?post=3874"}],"wp:featuredmedia":[{"embeddable":true,"href":"https:\/\/www.louizaauktion.com\/en\/wp-json\/wp\/v2\/media\/3569"}],"wp:attachment":[{"href":"https:\/\/www.louizaauktion.com\/en\/wp-json\/wp\/v2\/media?parent=3874"}],"wp:term":[{"taxonomy":"product_brand","embeddable":true,"href":"https:\/\/www.louizaauktion.com\/en\/wp-json\/wp\/v2\/product_brand?post=3874"},{"taxonomy":"product_cat","embeddable":true,"href":"https:\/\/www.louizaauktion.com\/en\/wp-json\/wp\/v2\/product_cat?post=3874"},{"taxonomy":"product_tag","embeddable":true,"href":"https:\/\/www.louizaauktion.com\/en\/wp-json\/wp\/v2\/product_tag?post=3874"}],"curies":[{"name":"wp","href":"https:\/\/api.w.org\/{rel}","templated":true}]}}