{"id":3870,"date":"2021-11-10T08:51:11","date_gmt":"2021-11-10T08:51:11","guid":{"rendered":"https:\/\/louiza-auktion.wtb.agency\/product\/takashi-murakami-virgil-abloh-xx-xxi\/"},"modified":"2021-11-10T08:51:11","modified_gmt":"2021-11-10T08:51:11","slug":"takashi-murakami-virgil-abloh-xx-xxi","status":"publish","type":"product","link":"https:\/\/www.louizaauktion.com\/en\/product\/takashi-murakami-virgil-abloh-xx-xxi\/","title":{"rendered":"TAKASHI MURAKAMI &amp; VIRGIL ABLOH (XX-XXI)"},"content":{"rendered":"<p>O (OFF-WHITE)<\/p>\n<p>Color silkscreen on paper<\/p>\n<p>Takashi Murakami x Virgil Abloh Collab<\/p>\n<p>Silkscreen on paper<\/p>\n<p>Hand signed and hand numbered artwork out of 300<\/p>\n<p>46.8 x 39.8cm<\/p>\n<p>A certificate of authenticity accompanies the work.<\/p>\n<p>1500\/1800\u20ac<\/p>","protected":false},"excerpt":{"rendered":"<p>O (OFF-WHITE) S\u00e9rigraphie en couleur sur papier Collaboration Takashi Murakami x Virgil Abloh S\u00e9rigraphie sur papier Oeuvre sign\u00e9e \u00e0 la main et num\u00e9rot\u00e9e \u00e0 la main sur 300 46,8 x [&hellip;]<\/p>\n","protected":false},"featured_media":3565,"comment_status":"open","ping_status":"closed","template":"","meta":{"_acf_changed":false},"product_brand":[],"product_cat":[15],"product_tag":[33],"class_list":{"0":"post-3870","1":"product","2":"type-product","3":"status-publish","4":"has-post-thumbnail","6":"product_cat-uncategorized","7":"product_tag-vente-20-11-21","9":"first","10":"instock","11":"shipping-taxable","12":"purchasable","13":"product-type-simple"},"acf":[],"_links":{"self":[{"href":"https:\/\/www.louizaauktion.com\/en\/wp-json\/wp\/v2\/product\/3870","targetHints":{"allow":["GET"]}}],"collection":[{"href":"https:\/\/www.louizaauktion.com\/en\/wp-json\/wp\/v2\/product"}],"about":[{"href":"https:\/\/www.louizaauktion.com\/en\/wp-json\/wp\/v2\/types\/product"}],"replies":[{"embeddable":true,"href":"https:\/\/www.louizaauktion.com\/en\/wp-json\/wp\/v2\/comments?post=3870"}],"wp:featuredmedia":[{"embeddable":true,"href":"https:\/\/www.louizaauktion.com\/en\/wp-json\/wp\/v2\/media\/3565"}],"wp:attachment":[{"href":"https:\/\/www.louizaauktion.com\/en\/wp-json\/wp\/v2\/media?parent=3870"}],"wp:term":[{"taxonomy":"product_brand","embeddable":true,"href":"https:\/\/www.louizaauktion.com\/en\/wp-json\/wp\/v2\/product_brand?post=3870"},{"taxonomy":"product_cat","embeddable":true,"href":"https:\/\/www.louizaauktion.com\/en\/wp-json\/wp\/v2\/product_cat?post=3870"},{"taxonomy":"product_tag","embeddable":true,"href":"https:\/\/www.louizaauktion.com\/en\/wp-json\/wp\/v2\/product_tag?post=3870"}],"curies":[{"name":"wp","href":"https:\/\/api.w.org\/{rel}","templated":true}]}}