{"id":3869,"date":"2021-11-10T08:51:11","date_gmt":"2021-11-10T08:51:11","guid":{"rendered":"https:\/\/louiza-auktion.wtb.agency\/product\/keith-haring-1958-1990-dapres-9\/"},"modified":"2021-11-10T08:51:11","modified_gmt":"2021-11-10T08:51:11","slug":"keith-haring-1958-1990-dapres-9","status":"publish","type":"product","link":"https:\/\/www.louizaauktion.com\/en\/product\/keith-haring-1958-1990-dapres-9\/","title":{"rendered":"KEITH HARING (1958-1990), According to"},"content":{"rendered":"<p>Totem<\/p>\n<p>Resin sculpture, numbered on the back<\/p>\n<p>Edition of 300 copies.<\/p>\n<p>40 x 12 x 4.5cm<\/p>\n<p>500\/700\u20ac<\/p>","protected":false},"excerpt":{"rendered":"<p>Totem Sculpture en r\u00e9sine, num\u00e9rot\u00e9e au dos Edition \u00e0 300 exemplaires. 40 x 12 x 4,5 cm 500\/700\u20ac<\/p>","protected":false},"featured_media":3564,"comment_status":"open","ping_status":"closed","template":"","meta":{"_acf_changed":false},"product_brand":[],"product_cat":[15],"product_tag":[33],"class_list":{"0":"post-3869","1":"product","2":"type-product","3":"status-publish","4":"has-post-thumbnail","6":"product_cat-uncategorized","7":"product_tag-vente-20-11-21","9":"first","10":"instock","11":"shipping-taxable","12":"purchasable","13":"product-type-simple"},"acf":[],"_links":{"self":[{"href":"https:\/\/www.louizaauktion.com\/en\/wp-json\/wp\/v2\/product\/3869","targetHints":{"allow":["GET"]}}],"collection":[{"href":"https:\/\/www.louizaauktion.com\/en\/wp-json\/wp\/v2\/product"}],"about":[{"href":"https:\/\/www.louizaauktion.com\/en\/wp-json\/wp\/v2\/types\/product"}],"replies":[{"embeddable":true,"href":"https:\/\/www.louizaauktion.com\/en\/wp-json\/wp\/v2\/comments?post=3869"}],"wp:featuredmedia":[{"embeddable":true,"href":"https:\/\/www.louizaauktion.com\/en\/wp-json\/wp\/v2\/media\/3564"}],"wp:attachment":[{"href":"https:\/\/www.louizaauktion.com\/en\/wp-json\/wp\/v2\/media?parent=3869"}],"wp:term":[{"taxonomy":"product_brand","embeddable":true,"href":"https:\/\/www.louizaauktion.com\/en\/wp-json\/wp\/v2\/product_brand?post=3869"},{"taxonomy":"product_cat","embeddable":true,"href":"https:\/\/www.louizaauktion.com\/en\/wp-json\/wp\/v2\/product_cat?post=3869"},{"taxonomy":"product_tag","embeddable":true,"href":"https:\/\/www.louizaauktion.com\/en\/wp-json\/wp\/v2\/product_tag?post=3869"}],"curies":[{"name":"wp","href":"https:\/\/api.w.org\/{rel}","templated":true}]}}