{"id":3867,"date":"2021-11-10T08:51:11","date_gmt":"2021-11-10T08:51:11","guid":{"rendered":"https:\/\/louiza-auktion.wtb.agency\/product\/berbrick-andy-warholmarylin-monroe\/"},"modified":"2021-11-10T08:51:11","modified_gmt":"2021-11-10T08:51:11","slug":"berbrick-andy-warholmarylin-monroe","status":"publish","type":"product","link":"https:\/\/www.louizaauktion.com\/en\/product\/berbrick-andy-warholmarylin-monroe\/","title":{"rendered":"BE@RBRICK ANDY WARHOLMARYLIN MONROE"},"content":{"rendered":"<p>ANDY WARHOLMARYLIN MONROE<\/p>\n<p>BE@RBRICK 1000% <\/p>\n<p>Painted and molded ABS<\/p>\n<p>Numbered on the back <\/p>\n<p>Medicom Toy Publisher, Tokyo<\/p>\n<p>In its original box<\/p>\n<p>Height: 72cm<\/p>\n<p>Painted cast ABS; numbered. In its original box opened<\/p>\n<p>Height: 28.34 in.<\/p>\n<p>1200\/1500\u20ac<\/p>","protected":false},"excerpt":{"rendered":"<p>ANDY WARHOLMARYLIN MONROE BE@RBRICK 1000% ABS peint et moul\u00e9 Num\u00e9rot\u00e9 au dos Edition Medicom Toy, Tokyo Dans sa bo\u00eete d&rsquo;origine Hauteur : 72 cm Painted cast ABS ; numbered. In [&hellip;]<\/p>\n","protected":false},"featured_media":3562,"comment_status":"open","ping_status":"closed","template":"","meta":{"_acf_changed":false},"product_brand":[],"product_cat":[15],"product_tag":[33],"class_list":{"0":"post-3867","1":"product","2":"type-product","3":"status-publish","4":"has-post-thumbnail","6":"product_cat-uncategorized","7":"product_tag-vente-20-11-21","9":"first","10":"instock","11":"shipping-taxable","12":"purchasable","13":"product-type-simple"},"acf":[],"_links":{"self":[{"href":"https:\/\/www.louizaauktion.com\/en\/wp-json\/wp\/v2\/product\/3867","targetHints":{"allow":["GET"]}}],"collection":[{"href":"https:\/\/www.louizaauktion.com\/en\/wp-json\/wp\/v2\/product"}],"about":[{"href":"https:\/\/www.louizaauktion.com\/en\/wp-json\/wp\/v2\/types\/product"}],"replies":[{"embeddable":true,"href":"https:\/\/www.louizaauktion.com\/en\/wp-json\/wp\/v2\/comments?post=3867"}],"wp:featuredmedia":[{"embeddable":true,"href":"https:\/\/www.louizaauktion.com\/en\/wp-json\/wp\/v2\/media\/3562"}],"wp:attachment":[{"href":"https:\/\/www.louizaauktion.com\/en\/wp-json\/wp\/v2\/media?parent=3867"}],"wp:term":[{"taxonomy":"product_brand","embeddable":true,"href":"https:\/\/www.louizaauktion.com\/en\/wp-json\/wp\/v2\/product_brand?post=3867"},{"taxonomy":"product_cat","embeddable":true,"href":"https:\/\/www.louizaauktion.com\/en\/wp-json\/wp\/v2\/product_cat?post=3867"},{"taxonomy":"product_tag","embeddable":true,"href":"https:\/\/www.louizaauktion.com\/en\/wp-json\/wp\/v2\/product_tag?post=3867"}],"curies":[{"name":"wp","href":"https:\/\/api.w.org\/{rel}","templated":true}]}}