{"id":3864,"date":"2021-11-10T08:51:09","date_gmt":"2021-11-10T08:51:09","guid":{"rendered":"https:\/\/louiza-auktion.wtb.agency\/product\/berbrick-medicom-x-banksy-2\/"},"modified":"2021-11-10T08:51:09","modified_gmt":"2021-11-10T08:51:09","slug":"berbrick-medicom-x-banksy-2","status":"publish","type":"product","link":"https:\/\/www.louizaauktion.com\/en\/product\/berbrick-medicom-x-banksy-2\/","title":{"rendered":"BE@RBRICK MEDICOM x BANKSY"},"content":{"rendered":"<p>MEDICOM x BANKSY<\/p>\n<p>Flying Ballons Girl BE@RBRICK 400 % and 100 %<\/p>\n<p>Painted and molded ABS<\/p>\n<p>Numbered on the back <\/p>\n<p>Medicom Toy Publisher, Tokyo<\/p>\n<p>In its original box<\/p>\n<p>Height: 28cm<\/p>\n<p>Painted cast ABS; numbered. In its original box opened<\/p>\n<p>Height: 11.02 in.<\/p>\n<p>450\/550\u20ac<\/p>","protected":false},"excerpt":{"rendered":"<p>MEDICOM x BANKSY Flying Ballons Girl BE@RBRICK 400 % et 100 % ABS peint et moul\u00e9 Num\u00e9rot\u00e9 au dos Edition Medicom Toy, Tokyo Dans sa bo\u00eete d&rsquo;origine Hauteur : 28 [&hellip;]<\/p>\n","protected":false},"featured_media":3559,"comment_status":"open","ping_status":"closed","template":"","meta":{"_acf_changed":false},"product_brand":[],"product_cat":[15],"product_tag":[33],"class_list":{"0":"post-3864","1":"product","2":"type-product","3":"status-publish","4":"has-post-thumbnail","6":"product_cat-uncategorized","7":"product_tag-vente-20-11-21","9":"first","10":"instock","11":"shipping-taxable","12":"purchasable","13":"product-type-simple"},"acf":[],"_links":{"self":[{"href":"https:\/\/www.louizaauktion.com\/en\/wp-json\/wp\/v2\/product\/3864","targetHints":{"allow":["GET"]}}],"collection":[{"href":"https:\/\/www.louizaauktion.com\/en\/wp-json\/wp\/v2\/product"}],"about":[{"href":"https:\/\/www.louizaauktion.com\/en\/wp-json\/wp\/v2\/types\/product"}],"replies":[{"embeddable":true,"href":"https:\/\/www.louizaauktion.com\/en\/wp-json\/wp\/v2\/comments?post=3864"}],"wp:featuredmedia":[{"embeddable":true,"href":"https:\/\/www.louizaauktion.com\/en\/wp-json\/wp\/v2\/media\/3559"}],"wp:attachment":[{"href":"https:\/\/www.louizaauktion.com\/en\/wp-json\/wp\/v2\/media?parent=3864"}],"wp:term":[{"taxonomy":"product_brand","embeddable":true,"href":"https:\/\/www.louizaauktion.com\/en\/wp-json\/wp\/v2\/product_brand?post=3864"},{"taxonomy":"product_cat","embeddable":true,"href":"https:\/\/www.louizaauktion.com\/en\/wp-json\/wp\/v2\/product_cat?post=3864"},{"taxonomy":"product_tag","embeddable":true,"href":"https:\/\/www.louizaauktion.com\/en\/wp-json\/wp\/v2\/product_tag?post=3864"}],"curies":[{"name":"wp","href":"https:\/\/api.w.org\/{rel}","templated":true}]}}