{"id":3852,"date":"2021-11-10T08:51:07","date_gmt":"2021-11-10T08:51:07","guid":{"rendered":"https:\/\/louiza-auktion.wtb.agency\/product\/pierre-soulages-ne-en-1919-2\/"},"modified":"2021-11-10T08:51:07","modified_gmt":"2021-11-10T08:51:07","slug":"pierre-soulages-ne-en-1919-2","status":"publish","type":"product","link":"https:\/\/www.louizaauktion.com\/en\/product\/pierre-soulages-ne-en-1919-2\/","title":{"rendered":"Pierre SOULAGES (Born in 1919)"},"content":{"rendered":"<p>According to<\/p>\n<p>Blue composition, 1974<\/p>\n<p>Color screenprint on paper, signed in the plate, Publisher&#039;s stamp lower right. Numbered to 150 copies. <\/p>\n<p>30 x 40 cm. <\/p>\n<p>The publisher&#039;s certificate is attached to the work.<\/p>\n<p>150\/200\u20ac<\/p>","protected":false},"excerpt":{"rendered":"<p>D\u2019Apr\u00e8s Composition bleue,1974 S\u00e9rigraphie en couleur sur papier, sign\u00e9e dans la planche, Cachet de l&rsquo;\u00e9diteur en bas \u00e0 droite. Num\u00e9rot\u00e9 \u00e0 150 ex. 30 x 40 cm. Le certificat de [&hellip;]<\/p>\n","protected":false},"featured_media":3545,"comment_status":"open","ping_status":"closed","template":"","meta":{"_acf_changed":false},"product_brand":[],"product_cat":[15],"product_tag":[33],"class_list":{"0":"post-3852","1":"product","2":"type-product","3":"status-publish","4":"has-post-thumbnail","6":"product_cat-uncategorized","7":"product_tag-vente-20-11-21","9":"first","10":"instock","11":"shipping-taxable","12":"purchasable","13":"product-type-simple"},"acf":[],"_links":{"self":[{"href":"https:\/\/www.louizaauktion.com\/en\/wp-json\/wp\/v2\/product\/3852","targetHints":{"allow":["GET"]}}],"collection":[{"href":"https:\/\/www.louizaauktion.com\/en\/wp-json\/wp\/v2\/product"}],"about":[{"href":"https:\/\/www.louizaauktion.com\/en\/wp-json\/wp\/v2\/types\/product"}],"replies":[{"embeddable":true,"href":"https:\/\/www.louizaauktion.com\/en\/wp-json\/wp\/v2\/comments?post=3852"}],"wp:featuredmedia":[{"embeddable":true,"href":"https:\/\/www.louizaauktion.com\/en\/wp-json\/wp\/v2\/media\/3545"}],"wp:attachment":[{"href":"https:\/\/www.louizaauktion.com\/en\/wp-json\/wp\/v2\/media?parent=3852"}],"wp:term":[{"taxonomy":"product_brand","embeddable":true,"href":"https:\/\/www.louizaauktion.com\/en\/wp-json\/wp\/v2\/product_brand?post=3852"},{"taxonomy":"product_cat","embeddable":true,"href":"https:\/\/www.louizaauktion.com\/en\/wp-json\/wp\/v2\/product_cat?post=3852"},{"taxonomy":"product_tag","embeddable":true,"href":"https:\/\/www.louizaauktion.com\/en\/wp-json\/wp\/v2\/product_tag?post=3852"}],"curies":[{"name":"wp","href":"https:\/\/api.w.org\/{rel}","templated":true}]}}