{"id":3840,"date":"2021-11-10T08:51:05","date_gmt":"2021-11-10T08:51:05","guid":{"rendered":"https:\/\/louiza-auktion.wtb.agency\/product\/robert-combas-ne-en-1957-2\/"},"modified":"2021-11-10T08:51:05","modified_gmt":"2021-11-10T08:51:05","slug":"robert-combas-ne-en-1957-2","status":"publish","type":"product","link":"https:\/\/www.louizaauktion.com\/en\/product\/robert-combas-ne-en-1957-2\/","title":{"rendered":"Robert COMBAS (Born in 1957)"},"content":{"rendered":"<p>Untitled \u2013 1995 <\/p>\n<p>Triptych brochure published on the occasion of an exhibition at the Palais des Congr\u00e8s in Paris Signed, dated and numbered HC 8\/70 on the back 23 x 68.5 cm<\/p>\n<p>250\/300\u20ac<\/p>","protected":false},"excerpt":{"rendered":"<p>Sans titre &#8211; 1995 Plaquette en triptyque \u00e9dit\u00e9es \u00e0 l\u2019occasion d\u2019une exposition au Palais des Congr\u00e8s de Paris Sign\u00e9, dat\u00e9 et num\u00e9rot\u00e9 HC 8\/70 au dos 23 x 68,5 cm [&hellip;]<\/p>\n","protected":false},"featured_media":3504,"comment_status":"open","ping_status":"closed","template":"","meta":{"_acf_changed":false},"product_brand":[],"product_cat":[15],"product_tag":[33],"class_list":{"0":"post-3840","1":"product","2":"type-product","3":"status-publish","4":"has-post-thumbnail","6":"product_cat-uncategorized","7":"product_tag-vente-20-11-21","9":"first","10":"instock","11":"shipping-taxable","12":"purchasable","13":"product-type-simple"},"acf":[],"_links":{"self":[{"href":"https:\/\/www.louizaauktion.com\/en\/wp-json\/wp\/v2\/product\/3840","targetHints":{"allow":["GET"]}}],"collection":[{"href":"https:\/\/www.louizaauktion.com\/en\/wp-json\/wp\/v2\/product"}],"about":[{"href":"https:\/\/www.louizaauktion.com\/en\/wp-json\/wp\/v2\/types\/product"}],"replies":[{"embeddable":true,"href":"https:\/\/www.louizaauktion.com\/en\/wp-json\/wp\/v2\/comments?post=3840"}],"wp:featuredmedia":[{"embeddable":true,"href":"https:\/\/www.louizaauktion.com\/en\/wp-json\/wp\/v2\/media\/3504"}],"wp:attachment":[{"href":"https:\/\/www.louizaauktion.com\/en\/wp-json\/wp\/v2\/media?parent=3840"}],"wp:term":[{"taxonomy":"product_brand","embeddable":true,"href":"https:\/\/www.louizaauktion.com\/en\/wp-json\/wp\/v2\/product_brand?post=3840"},{"taxonomy":"product_cat","embeddable":true,"href":"https:\/\/www.louizaauktion.com\/en\/wp-json\/wp\/v2\/product_cat?post=3840"},{"taxonomy":"product_tag","embeddable":true,"href":"https:\/\/www.louizaauktion.com\/en\/wp-json\/wp\/v2\/product_tag?post=3840"}],"curies":[{"name":"wp","href":"https:\/\/api.w.org\/{rel}","templated":true}]}}