{"id":3837,"date":"2021-11-10T08:51:04","date_gmt":"2021-11-10T08:51:04","guid":{"rendered":"https:\/\/louiza-auktion.wtb.agency\/product\/banksy-dapres-after-12\/"},"modified":"2021-11-10T08:51:04","modified_gmt":"2021-11-10T08:51:04","slug":"banksy-dapres-after-12","status":"publish","type":"product","link":"https:\/\/www.louizaauktion.com\/en\/product\/banksy-dapres-after-12\/","title":{"rendered":"BANKSY, AFTER \u2013 AFTER"},"content":{"rendered":"<p>BOMB HUGGER GIRL, \u201cBomb Hugger\u201d or \u201cBomb love\u201d, White, Medicom x Brandalism <\/p>\n<p>Sculpture in cold cast resin, The statuette is inspired by the graffiti that appeared on the walls of East London in 2003. <\/p>\n<p>Height 32 cm, Weight 1.5 kg, Condition New<\/p>\n<p>600\/1000\u20ac<\/p>","protected":false},"excerpt":{"rendered":"<p>BOMB HUGGER GIRL, \u00ab Bomb Hugger \u00bb ou \u00ab Bomb love \u00bb, Blanc, Medicom x Brandalism Sculpture en r\u00e9sine coul\u00e9e \u00e0 froid, La statuette est inspir\u00e9e du graffiti apparu sur [&hellip;]<\/p>\n","protected":false},"featured_media":3501,"comment_status":"open","ping_status":"closed","template":"","meta":{"_acf_changed":false},"product_brand":[],"product_cat":[15],"product_tag":[33],"class_list":{"0":"post-3837","1":"product","2":"type-product","3":"status-publish","4":"has-post-thumbnail","6":"product_cat-uncategorized","7":"product_tag-vente-20-11-21","9":"first","10":"instock","11":"shipping-taxable","12":"purchasable","13":"product-type-simple"},"acf":[],"_links":{"self":[{"href":"https:\/\/www.louizaauktion.com\/en\/wp-json\/wp\/v2\/product\/3837","targetHints":{"allow":["GET"]}}],"collection":[{"href":"https:\/\/www.louizaauktion.com\/en\/wp-json\/wp\/v2\/product"}],"about":[{"href":"https:\/\/www.louizaauktion.com\/en\/wp-json\/wp\/v2\/types\/product"}],"replies":[{"embeddable":true,"href":"https:\/\/www.louizaauktion.com\/en\/wp-json\/wp\/v2\/comments?post=3837"}],"wp:featuredmedia":[{"embeddable":true,"href":"https:\/\/www.louizaauktion.com\/en\/wp-json\/wp\/v2\/media\/3501"}],"wp:attachment":[{"href":"https:\/\/www.louizaauktion.com\/en\/wp-json\/wp\/v2\/media?parent=3837"}],"wp:term":[{"taxonomy":"product_brand","embeddable":true,"href":"https:\/\/www.louizaauktion.com\/en\/wp-json\/wp\/v2\/product_brand?post=3837"},{"taxonomy":"product_cat","embeddable":true,"href":"https:\/\/www.louizaauktion.com\/en\/wp-json\/wp\/v2\/product_cat?post=3837"},{"taxonomy":"product_tag","embeddable":true,"href":"https:\/\/www.louizaauktion.com\/en\/wp-json\/wp\/v2\/product_tag?post=3837"}],"curies":[{"name":"wp","href":"https:\/\/api.w.org\/{rel}","templated":true}]}}