{"id":3819,"date":"2021-11-10T08:51:00","date_gmt":"2021-11-10T08:51:00","guid":{"rendered":"https:\/\/louiza-auktion.wtb.agency\/product\/banksy-dismaland-16\/"},"modified":"2021-11-10T08:51:00","modified_gmt":"2021-11-10T08:51:00","slug":"banksy-dismaland-16","status":"publish","type":"product","link":"https:\/\/www.louizaauktion.com\/en\/product\/banksy-dismaland-16\/","title":{"rendered":"BANKSY DISMALAND"},"content":{"rendered":"<p>BANKSY ORIGINAL DISMALAND <\/p>\n<p>Spray paint and stencil on cardboard, signed and numbered 50 copies.<\/p>\n<p>Free stencil spray paint art sown at Banksy&#039;s theme park &quot;Dismaland&quot; which ran for two months, from August to September 2015. During the exhibition period, Dismaland held a Free Art where they hid the artwork in various locations and you could take it home with you. (Some damage to the cardboard is the cause.) Comes with original entrance ticket and Dismaland Map. <\/p>\n<p>Dimensions 30 x 22 cm<\/p>\n<p>500\/800\u20ac<\/p>","protected":false},"excerpt":{"rendered":"<p>BANKSY ORIGINAL DISMALAND Bombe a\u00e9rosol et pochoir sur carton, sign\u00e9 et num\u00e9rot\u00e9 \u00e0 50 exemplaires. Art gratuit de la peinture en a\u00e9rosol au pochoir sem\u00e9 au parc \u00e0 th\u00e8me de [&hellip;]<\/p>\n","protected":false},"featured_media":3470,"comment_status":"open","ping_status":"closed","template":"","meta":{"_acf_changed":false},"product_brand":[],"product_cat":[15],"product_tag":[33],"class_list":{"0":"post-3819","1":"product","2":"type-product","3":"status-publish","4":"has-post-thumbnail","6":"product_cat-uncategorized","7":"product_tag-vente-20-11-21","9":"first","10":"instock","11":"shipping-taxable","12":"purchasable","13":"product-type-simple"},"acf":[],"_links":{"self":[{"href":"https:\/\/www.louizaauktion.com\/en\/wp-json\/wp\/v2\/product\/3819","targetHints":{"allow":["GET"]}}],"collection":[{"href":"https:\/\/www.louizaauktion.com\/en\/wp-json\/wp\/v2\/product"}],"about":[{"href":"https:\/\/www.louizaauktion.com\/en\/wp-json\/wp\/v2\/types\/product"}],"replies":[{"embeddable":true,"href":"https:\/\/www.louizaauktion.com\/en\/wp-json\/wp\/v2\/comments?post=3819"}],"wp:featuredmedia":[{"embeddable":true,"href":"https:\/\/www.louizaauktion.com\/en\/wp-json\/wp\/v2\/media\/3470"}],"wp:attachment":[{"href":"https:\/\/www.louizaauktion.com\/en\/wp-json\/wp\/v2\/media?parent=3819"}],"wp:term":[{"taxonomy":"product_brand","embeddable":true,"href":"https:\/\/www.louizaauktion.com\/en\/wp-json\/wp\/v2\/product_brand?post=3819"},{"taxonomy":"product_cat","embeddable":true,"href":"https:\/\/www.louizaauktion.com\/en\/wp-json\/wp\/v2\/product_cat?post=3819"},{"taxonomy":"product_tag","embeddable":true,"href":"https:\/\/www.louizaauktion.com\/en\/wp-json\/wp\/v2\/product_tag?post=3819"}],"curies":[{"name":"wp","href":"https:\/\/api.w.org\/{rel}","templated":true}]}}