{"id":3811,"date":"2021-11-10T08:50:59","date_gmt":"2021-11-10T08:50:59","guid":{"rendered":"https:\/\/louiza-auktion.wtb.agency\/product\/banksy-dapres-save-or-delete\/"},"modified":"2021-11-10T08:50:59","modified_gmt":"2021-11-10T08:50:59","slug":"banksy-dapres-save-or-delete","status":"publish","type":"product","link":"https:\/\/www.louizaauktion.com\/en\/product\/banksy-dapres-save-or-delete\/","title":{"rendered":"BANKSY (after) \u201cSAVE OR DELETE\u201d"},"content":{"rendered":"<p>Greenpeace 2002<\/p>\n<p>Poster in recycled paper, framed under glass.<\/p>\n<p>Special commission from the Greenpeace association as part of its 2002 &quot;Save or Delete&quot; campaign in which it denounces the ecological scourge of deforestation and campaigns for the protection of animals and their natural habitat. This image of a devastated forest was intended to be used on posters, billboards and postcards. However, its circulation was stopped due to threats from Disney&#039;s who did not authorize the use of the main characters from their cartoon &quot;The Jungle Book&quot;.<\/p>\n<p>Very good original condition \u2013 Rare copy as many were destroyed.<\/p>\n<p>Dimensions with frame: H: 55; W: 71.5cm<\/p>\n<p>300\/400\u20ac<\/p>","protected":false},"excerpt":{"rendered":"<p>Greenpeace 2002 Affiche en papier recycl\u00e9, encadr\u00e9e sous verre. Commande sp\u00e9ciale de l&rsquo;association Greenpeace dans le cadre de sa campagne \u00ab\u00a0Save or Delete\u00a0\u00bb de 2002 dans laquelle elle d\u00e9nonce le [&hellip;]<\/p>\n","protected":false},"featured_media":3453,"comment_status":"open","ping_status":"closed","template":"","meta":{"_acf_changed":false},"product_brand":[],"product_cat":[15],"product_tag":[33],"class_list":{"0":"post-3811","1":"product","2":"type-product","3":"status-publish","4":"has-post-thumbnail","6":"product_cat-uncategorized","7":"product_tag-vente-20-11-21","9":"first","10":"instock","11":"shipping-taxable","12":"purchasable","13":"product-type-simple"},"acf":[],"_links":{"self":[{"href":"https:\/\/www.louizaauktion.com\/en\/wp-json\/wp\/v2\/product\/3811","targetHints":{"allow":["GET"]}}],"collection":[{"href":"https:\/\/www.louizaauktion.com\/en\/wp-json\/wp\/v2\/product"}],"about":[{"href":"https:\/\/www.louizaauktion.com\/en\/wp-json\/wp\/v2\/types\/product"}],"replies":[{"embeddable":true,"href":"https:\/\/www.louizaauktion.com\/en\/wp-json\/wp\/v2\/comments?post=3811"}],"wp:featuredmedia":[{"embeddable":true,"href":"https:\/\/www.louizaauktion.com\/en\/wp-json\/wp\/v2\/media\/3453"}],"wp:attachment":[{"href":"https:\/\/www.louizaauktion.com\/en\/wp-json\/wp\/v2\/media?parent=3811"}],"wp:term":[{"taxonomy":"product_brand","embeddable":true,"href":"https:\/\/www.louizaauktion.com\/en\/wp-json\/wp\/v2\/product_brand?post=3811"},{"taxonomy":"product_cat","embeddable":true,"href":"https:\/\/www.louizaauktion.com\/en\/wp-json\/wp\/v2\/product_cat?post=3811"},{"taxonomy":"product_tag","embeddable":true,"href":"https:\/\/www.louizaauktion.com\/en\/wp-json\/wp\/v2\/product_tag?post=3811"}],"curies":[{"name":"wp","href":"https:\/\/api.w.org\/{rel}","templated":true}]}}