{"id":3801,"date":"2021-11-10T08:50:55","date_gmt":"2021-11-10T08:50:55","guid":{"rendered":"https:\/\/louiza-auktion.wtb.agency\/product\/jonone\/"},"modified":"2021-11-10T08:50:55","modified_gmt":"2021-11-10T08:50:55","slug":"jonone","status":"publish","type":"product","link":"https:\/\/www.louizaauktion.com\/en\/product\/jonone\/","title":{"rendered":"JONONE"},"content":{"rendered":"<p>Red Rock!, 2020<\/p>\n<p>Skateboard deck signed with spray paint by the artist.<\/p>\n<p>80 x 20cm<\/p>\n<p>800\/1000\u20ac<\/p>","protected":false},"excerpt":{"rendered":"<p>Red Rock !, 2020 Planche de skateboard sign\u00e9e \u00e0 l&rsquo;a\u00e9rosol par l&rsquo;artiste. 80 x 20 cm 800\/1000\u20ac<\/p>","protected":false},"featured_media":3440,"comment_status":"open","ping_status":"closed","template":"","meta":{"_acf_changed":false},"product_brand":[],"product_cat":[15],"product_tag":[33],"class_list":{"0":"post-3801","1":"product","2":"type-product","3":"status-publish","4":"has-post-thumbnail","6":"product_cat-uncategorized","7":"product_tag-vente-20-11-21","9":"first","10":"instock","11":"shipping-taxable","12":"purchasable","13":"product-type-simple"},"acf":[],"_links":{"self":[{"href":"https:\/\/www.louizaauktion.com\/en\/wp-json\/wp\/v2\/product\/3801","targetHints":{"allow":["GET"]}}],"collection":[{"href":"https:\/\/www.louizaauktion.com\/en\/wp-json\/wp\/v2\/product"}],"about":[{"href":"https:\/\/www.louizaauktion.com\/en\/wp-json\/wp\/v2\/types\/product"}],"replies":[{"embeddable":true,"href":"https:\/\/www.louizaauktion.com\/en\/wp-json\/wp\/v2\/comments?post=3801"}],"wp:featuredmedia":[{"embeddable":true,"href":"https:\/\/www.louizaauktion.com\/en\/wp-json\/wp\/v2\/media\/3440"}],"wp:attachment":[{"href":"https:\/\/www.louizaauktion.com\/en\/wp-json\/wp\/v2\/media?parent=3801"}],"wp:term":[{"taxonomy":"product_brand","embeddable":true,"href":"https:\/\/www.louizaauktion.com\/en\/wp-json\/wp\/v2\/product_brand?post=3801"},{"taxonomy":"product_cat","embeddable":true,"href":"https:\/\/www.louizaauktion.com\/en\/wp-json\/wp\/v2\/product_cat?post=3801"},{"taxonomy":"product_tag","embeddable":true,"href":"https:\/\/www.louizaauktion.com\/en\/wp-json\/wp\/v2\/product_tag?post=3801"}],"curies":[{"name":"wp","href":"https:\/\/api.w.org\/{rel}","templated":true}]}}