{"id":3795,"date":"2021-11-10T08:50:54","date_gmt":"2021-11-10T08:50:54","guid":{"rendered":"https:\/\/louiza-auktion.wtb.agency\/product\/c215-ne-en-1973\/"},"modified":"2021-11-10T08:50:54","modified_gmt":"2021-11-10T08:50:54","slug":"c215-ne-en-1973","status":"publish","type":"product","link":"https:\/\/www.louizaauktion.com\/en\/product\/c215-ne-en-1973\/","title":{"rendered":"C215 (Born in 1973)"},"content":{"rendered":"<p>Meow, 2014<\/p>\n<p>Color lithograph <\/p>\n<p>Signed lower right in pencil and numbered 24\/40<\/p>\n<p>Stamp and dry stamp of the artist of the artist. Urban Gallery Edition<\/p>\n<p>78 x 59 cm (at sight)<\/p>\n<p>500\/600\u20ac<\/p>","protected":false},"excerpt":{"rendered":"<p>Meow, 2014 Lithographie en couleur Sign\u00e9e en bas \u00e0 droite au crayon et num\u00e9rot\u00e9e 24\/40 Cachet et timbre sec de l\u2019artiste de l\u2019artiste. Edition Galerie Urbaine 78 x 59 cm [&hellip;]<\/p>\n","protected":false},"featured_media":3434,"comment_status":"open","ping_status":"closed","template":"","meta":{"_acf_changed":false},"product_brand":[],"product_cat":[15],"product_tag":[33],"class_list":{"0":"post-3795","1":"product","2":"type-product","3":"status-publish","4":"has-post-thumbnail","6":"product_cat-uncategorized","7":"product_tag-vente-20-11-21","9":"first","10":"instock","11":"shipping-taxable","12":"purchasable","13":"product-type-simple"},"acf":[],"_links":{"self":[{"href":"https:\/\/www.louizaauktion.com\/en\/wp-json\/wp\/v2\/product\/3795","targetHints":{"allow":["GET"]}}],"collection":[{"href":"https:\/\/www.louizaauktion.com\/en\/wp-json\/wp\/v2\/product"}],"about":[{"href":"https:\/\/www.louizaauktion.com\/en\/wp-json\/wp\/v2\/types\/product"}],"replies":[{"embeddable":true,"href":"https:\/\/www.louizaauktion.com\/en\/wp-json\/wp\/v2\/comments?post=3795"}],"wp:featuredmedia":[{"embeddable":true,"href":"https:\/\/www.louizaauktion.com\/en\/wp-json\/wp\/v2\/media\/3434"}],"wp:attachment":[{"href":"https:\/\/www.louizaauktion.com\/en\/wp-json\/wp\/v2\/media?parent=3795"}],"wp:term":[{"taxonomy":"product_brand","embeddable":true,"href":"https:\/\/www.louizaauktion.com\/en\/wp-json\/wp\/v2\/product_brand?post=3795"},{"taxonomy":"product_cat","embeddable":true,"href":"https:\/\/www.louizaauktion.com\/en\/wp-json\/wp\/v2\/product_cat?post=3795"},{"taxonomy":"product_tag","embeddable":true,"href":"https:\/\/www.louizaauktion.com\/en\/wp-json\/wp\/v2\/product_tag?post=3795"}],"curies":[{"name":"wp","href":"https:\/\/api.w.org\/{rel}","templated":true}]}}