{"id":3793,"date":"2021-11-10T08:50:54","date_gmt":"2021-11-10T08:50:54","guid":{"rendered":"https:\/\/louiza-auktion.wtb.agency\/product\/jr-ne-en-198\/"},"modified":"2021-11-10T08:50:54","modified_gmt":"2021-11-10T08:50:54","slug":"jr-ne-en-198","status":"publish","type":"product","link":"https:\/\/www.louizaauktion.com\/en\/product\/jr-ne-en-198\/","title":{"rendered":"JR (Born in 198"},"content":{"rendered":"<p>28 Millimeters: Portrait of a generation, Ladj Ly (2020)<\/p>\n<p>Black and white screenprint from a book, signed and dedicated &quot;Pour Alice&quot;<\/p>\n<p>27.5 x 44 cm\u00b5<\/p>\n<p>Note: Work consisting of two assembled book pages.<\/p>\n<p>300\/500\u20ac<\/p>","protected":false},"excerpt":{"rendered":"<p>28 Millim\u00e8tres : Portrait of a generation, Ladj Ly (2020) S\u00e9rigraphie noir et blanc tir\u00e9e d\u2019un ouvrage, sign\u00e9e et d\u00e9dicac\u00e9e \u00ab Pour Alice \u00bb 27.5 x 44 cm\u00b5 Note : [&hellip;]<\/p>\n","protected":false},"featured_media":3432,"comment_status":"open","ping_status":"closed","template":"","meta":{"_acf_changed":false},"product_brand":[],"product_cat":[15],"product_tag":[33],"class_list":{"0":"post-3793","1":"product","2":"type-product","3":"status-publish","4":"has-post-thumbnail","6":"product_cat-uncategorized","7":"product_tag-vente-20-11-21","9":"first","10":"instock","11":"shipping-taxable","12":"purchasable","13":"product-type-simple"},"acf":[],"_links":{"self":[{"href":"https:\/\/www.louizaauktion.com\/en\/wp-json\/wp\/v2\/product\/3793","targetHints":{"allow":["GET"]}}],"collection":[{"href":"https:\/\/www.louizaauktion.com\/en\/wp-json\/wp\/v2\/product"}],"about":[{"href":"https:\/\/www.louizaauktion.com\/en\/wp-json\/wp\/v2\/types\/product"}],"replies":[{"embeddable":true,"href":"https:\/\/www.louizaauktion.com\/en\/wp-json\/wp\/v2\/comments?post=3793"}],"wp:featuredmedia":[{"embeddable":true,"href":"https:\/\/www.louizaauktion.com\/en\/wp-json\/wp\/v2\/media\/3432"}],"wp:attachment":[{"href":"https:\/\/www.louizaauktion.com\/en\/wp-json\/wp\/v2\/media?parent=3793"}],"wp:term":[{"taxonomy":"product_brand","embeddable":true,"href":"https:\/\/www.louizaauktion.com\/en\/wp-json\/wp\/v2\/product_brand?post=3793"},{"taxonomy":"product_cat","embeddable":true,"href":"https:\/\/www.louizaauktion.com\/en\/wp-json\/wp\/v2\/product_cat?post=3793"},{"taxonomy":"product_tag","embeddable":true,"href":"https:\/\/www.louizaauktion.com\/en\/wp-json\/wp\/v2\/product_tag?post=3793"}],"curies":[{"name":"wp","href":"https:\/\/api.w.org\/{rel}","templated":true}]}}