{"id":3791,"date":"2021-11-10T08:50:53","date_gmt":"2021-11-10T08:50:53","guid":{"rendered":"https:\/\/louiza-auktion.wtb.agency\/product\/jean-michel-basquiat-1960-1988-7\/"},"modified":"2021-11-10T08:50:53","modified_gmt":"2021-11-10T08:50:53","slug":"jean-michel-basquiat-1960-1988-7","status":"publish","type":"product","link":"https:\/\/www.louizaauktion.com\/en\/product\/jean-michel-basquiat-1960-1988-7\/","title":{"rendered":"Jean-Michel BASQUIAT (1960-1988)"},"content":{"rendered":"<p>Theoffs, 1984.<\/p>\n<p>Vinyl record and cardboard cover, the cover was made by Jean-Michel Basquiat, it bears the mention cover: Jean-Michel Basquiat on the back.<\/p>\n<p>31 x 31 cm \u2013 12.2 in<\/p>\n<p>Fairly good condition. Some wear, creases in the upper left corner. Small cut in the upper right corner, meaning the record was sold in a clearance sale in New York. Good condition for vinyl. Very rare.<\/p>\n<p>450\/500\u20ac<\/p>","protected":false},"excerpt":{"rendered":"<p>The offs, 1984. Disque vinyl et pochette cartonn\u00e9e, la pochette a \u00e9t\u00e9 r\u00e9alis\u00e9e par Jean-Michel Basquiat, elle porte au dos la mention cover: Jean-Michel Basquiat. 31 x 31 cm &#8211; [&hellip;]<\/p>\n","protected":false},"featured_media":3426,"comment_status":"open","ping_status":"closed","template":"","meta":{"_acf_changed":false},"product_brand":[],"product_cat":[15],"product_tag":[33],"class_list":{"0":"post-3791","1":"product","2":"type-product","3":"status-publish","4":"has-post-thumbnail","6":"product_cat-uncategorized","7":"product_tag-vente-20-11-21","9":"first","10":"instock","11":"shipping-taxable","12":"purchasable","13":"product-type-simple"},"acf":[],"_links":{"self":[{"href":"https:\/\/www.louizaauktion.com\/en\/wp-json\/wp\/v2\/product\/3791","targetHints":{"allow":["GET"]}}],"collection":[{"href":"https:\/\/www.louizaauktion.com\/en\/wp-json\/wp\/v2\/product"}],"about":[{"href":"https:\/\/www.louizaauktion.com\/en\/wp-json\/wp\/v2\/types\/product"}],"replies":[{"embeddable":true,"href":"https:\/\/www.louizaauktion.com\/en\/wp-json\/wp\/v2\/comments?post=3791"}],"wp:featuredmedia":[{"embeddable":true,"href":"https:\/\/www.louizaauktion.com\/en\/wp-json\/wp\/v2\/media\/3426"}],"wp:attachment":[{"href":"https:\/\/www.louizaauktion.com\/en\/wp-json\/wp\/v2\/media?parent=3791"}],"wp:term":[{"taxonomy":"product_brand","embeddable":true,"href":"https:\/\/www.louizaauktion.com\/en\/wp-json\/wp\/v2\/product_brand?post=3791"},{"taxonomy":"product_cat","embeddable":true,"href":"https:\/\/www.louizaauktion.com\/en\/wp-json\/wp\/v2\/product_cat?post=3791"},{"taxonomy":"product_tag","embeddable":true,"href":"https:\/\/www.louizaauktion.com\/en\/wp-json\/wp\/v2\/product_tag?post=3791"}],"curies":[{"name":"wp","href":"https:\/\/api.w.org\/{rel}","templated":true}]}}