{"id":3785,"date":"2021-11-10T08:50:52","date_gmt":"2021-11-10T08:50:52","guid":{"rendered":"https:\/\/louiza-auktion.wtb.agency\/product\/jonone-ne-en-1963-6\/"},"modified":"2021-11-10T08:50:52","modified_gmt":"2021-11-10T08:50:52","slug":"jonone-ne-en-1963-6","status":"publish","type":"product","link":"https:\/\/www.louizaauktion.com\/en\/product\/jonone-ne-en-1963-6\/","title":{"rendered":"JONONE (Born in 1963)"},"content":{"rendered":"<p>&quot;Liberty Leading the People&quot; <\/p>\n<p>Color screenprint on canvas Signed in the plate lower right <\/p>\n<p>2015<\/p>\n<p>97 x 65cm<\/p>\n<p>A second version is attached.<\/p>\n<p>45x30cm<\/p>\n<p>Inspired by Eug\u00e8ne Delacroix&#039;s painting &quot;Liberty Leading the People&quot;, JonOne&#039;s work is a tribute to the founding of the Republic and democracy.<\/p>\n<p>The original canvas was painted by JonOne in 2015 for the French Parliament. It has been on display there ever since.<\/p>\n<p>400\/600\u20ac<\/p>","protected":false},"excerpt":{"rendered":"<p>\u00ab\u00a0Libert\u00e9 guidant le peuple\u00a0\u00bb S\u00e9rigraphie en couleur sur toile Sign\u00e9 dans la planche en bas \u00e0 droite 2015 97 x 65 cm On y joint une seconde version 45 x [&hellip;]<\/p>\n","protected":false},"featured_media":3409,"comment_status":"open","ping_status":"closed","template":"","meta":{"_acf_changed":false},"product_brand":[],"product_cat":[15],"product_tag":[33],"class_list":{"0":"post-3785","1":"product","2":"type-product","3":"status-publish","4":"has-post-thumbnail","6":"product_cat-uncategorized","7":"product_tag-vente-20-11-21","9":"first","10":"instock","11":"shipping-taxable","12":"purchasable","13":"product-type-simple"},"acf":[],"_links":{"self":[{"href":"https:\/\/www.louizaauktion.com\/en\/wp-json\/wp\/v2\/product\/3785","targetHints":{"allow":["GET"]}}],"collection":[{"href":"https:\/\/www.louizaauktion.com\/en\/wp-json\/wp\/v2\/product"}],"about":[{"href":"https:\/\/www.louizaauktion.com\/en\/wp-json\/wp\/v2\/types\/product"}],"replies":[{"embeddable":true,"href":"https:\/\/www.louizaauktion.com\/en\/wp-json\/wp\/v2\/comments?post=3785"}],"wp:featuredmedia":[{"embeddable":true,"href":"https:\/\/www.louizaauktion.com\/en\/wp-json\/wp\/v2\/media\/3409"}],"wp:attachment":[{"href":"https:\/\/www.louizaauktion.com\/en\/wp-json\/wp\/v2\/media?parent=3785"}],"wp:term":[{"taxonomy":"product_brand","embeddable":true,"href":"https:\/\/www.louizaauktion.com\/en\/wp-json\/wp\/v2\/product_brand?post=3785"},{"taxonomy":"product_cat","embeddable":true,"href":"https:\/\/www.louizaauktion.com\/en\/wp-json\/wp\/v2\/product_cat?post=3785"},{"taxonomy":"product_tag","embeddable":true,"href":"https:\/\/www.louizaauktion.com\/en\/wp-json\/wp\/v2\/product_tag?post=3785"}],"curies":[{"name":"wp","href":"https:\/\/api.w.org\/{rel}","templated":true}]}}