{"id":3781,"date":"2021-11-10T08:50:52","date_gmt":"2021-11-10T08:50:52","guid":{"rendered":"https:\/\/louiza-auktion.wtb.agency\/product\/banksy-dapres-24\/"},"modified":"2021-11-10T08:50:52","modified_gmt":"2021-11-10T08:50:52","slug":"banksy-dapres-24","status":"publish","type":"product","link":"https:\/\/www.louizaauktion.com\/en\/product\/banksy-dapres-24\/","title":{"rendered":"BANKSY (after)"},"content":{"rendered":"<p>Box Set<\/p>\n<p>Composition of a monochrome print on paper and piece of graffitied concrete, framed under glass.<\/p>\n<p>Limited edition, numbered on the back #1020<\/p>\n<p>2017.<\/p>\n<p>Sold with stamped invoice &quot;The Walled Off Hotel&quot; dated 19.07.2018<\/p>\n<p>Dimensions: H: 27; L: 27cm<\/p>\n<p>600\/800\u20ac<\/p>","protected":false},"excerpt":{"rendered":"<p>Box Set Composition d&rsquo;une impression monochrome sur papier et morceau de b\u00e9ton graff\u00e9, encadr\u00e9e sous verre. \u00c9dition limit\u00e9e, num\u00e9rot\u00e9e au dos #1020 2017. Vendu avec l\u2019invoice tamponn\u00e9e \u00ab The Walled [&hellip;]<\/p>\n","protected":false},"featured_media":3405,"comment_status":"open","ping_status":"closed","template":"","meta":{"_acf_changed":false},"product_brand":[],"product_cat":[15],"product_tag":[33],"class_list":{"0":"post-3781","1":"product","2":"type-product","3":"status-publish","4":"has-post-thumbnail","6":"product_cat-uncategorized","7":"product_tag-vente-20-11-21","9":"first","10":"instock","11":"shipping-taxable","12":"purchasable","13":"product-type-simple"},"acf":[],"_links":{"self":[{"href":"https:\/\/www.louizaauktion.com\/en\/wp-json\/wp\/v2\/product\/3781","targetHints":{"allow":["GET"]}}],"collection":[{"href":"https:\/\/www.louizaauktion.com\/en\/wp-json\/wp\/v2\/product"}],"about":[{"href":"https:\/\/www.louizaauktion.com\/en\/wp-json\/wp\/v2\/types\/product"}],"replies":[{"embeddable":true,"href":"https:\/\/www.louizaauktion.com\/en\/wp-json\/wp\/v2\/comments?post=3781"}],"wp:featuredmedia":[{"embeddable":true,"href":"https:\/\/www.louizaauktion.com\/en\/wp-json\/wp\/v2\/media\/3405"}],"wp:attachment":[{"href":"https:\/\/www.louizaauktion.com\/en\/wp-json\/wp\/v2\/media?parent=3781"}],"wp:term":[{"taxonomy":"product_brand","embeddable":true,"href":"https:\/\/www.louizaauktion.com\/en\/wp-json\/wp\/v2\/product_brand?post=3781"},{"taxonomy":"product_cat","embeddable":true,"href":"https:\/\/www.louizaauktion.com\/en\/wp-json\/wp\/v2\/product_cat?post=3781"},{"taxonomy":"product_tag","embeddable":true,"href":"https:\/\/www.louizaauktion.com\/en\/wp-json\/wp\/v2\/product_tag?post=3781"}],"curies":[{"name":"wp","href":"https:\/\/api.w.org\/{rel}","templated":true}]}}