{"id":3780,"date":"2021-11-10T08:50:51","date_gmt":"2021-11-10T08:50:51","guid":{"rendered":"https:\/\/louiza-auktion.wtb.agency\/product\/banksy-dapres-23\/"},"modified":"2021-11-10T08:50:51","modified_gmt":"2021-11-10T08:50:51","slug":"banksy-dapres-23","status":"publish","type":"product","link":"https:\/\/www.louizaauktion.com\/en\/product\/banksy-dapres-23\/","title":{"rendered":"BANKSY (after)"},"content":{"rendered":"<p>&quot;Monkey Parliament&quot;, 2009<\/p>\n<p>Offset print on paper, framed under glass<\/p>\n<p>Dimensions with frame: H: 66; W: 97cm.<\/p>\n<p>It depicts members of parliament in the UK House of Commons in the form of chimpanzees. At 2.50 m high and 4.20 m wide without its frame, it is Banksy&#039;s largest canvas work.<\/p>\n<p>Estimated at just over \u20ac2 million, the painting was sold in October 2019 in London at an auction by Sotheby&#039;s for \u20ac11.1 million, setting a new record for a work by the artist whose last work was sold for \u20ac1.7 million in 2008 in New York.<\/p>\n<p>1000\/1200\u20ac<\/p>","protected":false},"excerpt":{"rendered":"<p>\u00ab\u00a0Monkey Parliament\u00a0\u00bb, 2009 Impression Offset sur papier, encadr\u00e9e sous verre Dimensions avec cadre: H: 66; L: 97 cm. Il repr\u00e9sente des parlementaires \u00e0 la Chambre des communes du Royaume-Uni sous [&hellip;]<\/p>\n","protected":false},"featured_media":3404,"comment_status":"open","ping_status":"closed","template":"","meta":{"_acf_changed":false},"product_brand":[],"product_cat":[15],"product_tag":[33],"class_list":{"0":"post-3780","1":"product","2":"type-product","3":"status-publish","4":"has-post-thumbnail","6":"product_cat-uncategorized","7":"product_tag-vente-20-11-21","9":"first","10":"instock","11":"shipping-taxable","12":"purchasable","13":"product-type-simple"},"acf":[],"_links":{"self":[{"href":"https:\/\/www.louizaauktion.com\/en\/wp-json\/wp\/v2\/product\/3780","targetHints":{"allow":["GET"]}}],"collection":[{"href":"https:\/\/www.louizaauktion.com\/en\/wp-json\/wp\/v2\/product"}],"about":[{"href":"https:\/\/www.louizaauktion.com\/en\/wp-json\/wp\/v2\/types\/product"}],"replies":[{"embeddable":true,"href":"https:\/\/www.louizaauktion.com\/en\/wp-json\/wp\/v2\/comments?post=3780"}],"wp:featuredmedia":[{"embeddable":true,"href":"https:\/\/www.louizaauktion.com\/en\/wp-json\/wp\/v2\/media\/3404"}],"wp:attachment":[{"href":"https:\/\/www.louizaauktion.com\/en\/wp-json\/wp\/v2\/media?parent=3780"}],"wp:term":[{"taxonomy":"product_brand","embeddable":true,"href":"https:\/\/www.louizaauktion.com\/en\/wp-json\/wp\/v2\/product_brand?post=3780"},{"taxonomy":"product_cat","embeddable":true,"href":"https:\/\/www.louizaauktion.com\/en\/wp-json\/wp\/v2\/product_cat?post=3780"},{"taxonomy":"product_tag","embeddable":true,"href":"https:\/\/www.louizaauktion.com\/en\/wp-json\/wp\/v2\/product_tag?post=3780"}],"curies":[{"name":"wp","href":"https:\/\/api.w.org\/{rel}","templated":true}]}}