{"id":3779,"date":"2021-11-10T08:50:51","date_gmt":"2021-11-10T08:50:51","guid":{"rendered":"https:\/\/louiza-auktion.wtb.agency\/product\/banksy-dapres-the-famous-flower-thrower\/"},"modified":"2021-11-10T08:50:51","modified_gmt":"2021-11-10T08:50:51","slug":"banksy-dapres-the-famous-flower-thrower","status":"publish","type":"product","link":"https:\/\/www.louizaauktion.com\/en\/product\/banksy-dapres-the-famous-flower-thrower\/","title":{"rendered":"BANKSY (after) \u2013 The famous Flower Thrower"},"content":{"rendered":"<p>screen print, produced exclusively for the UK in 2000 by Banksy, in a limited edition of 500 pieces to promote his vinyl &quot;We love you... so Love us&quot;<\/p>\n<p>(and his label Wall of sound)<\/p>\n<p>Framed under glass. Not numbered.<\/p>\n<p>Dimensions: H: 42.5; W: 42.5cm<\/p>\n<p>250\/300\u20ac<\/p>","protected":false},"excerpt":{"rendered":"<p>s\u00e9rigraphie, produite exclusivement pour le Royaume-Uni en 2000 par Banksy, en \u00e9dition limit\u00e9e de 500 pi\u00e8ces pour promouvoir son vinyle \u00ab\u00a0We love you&#8230; so Love us\u00a0\u00bb (et son label Wall [&hellip;]<\/p>\n","protected":false},"featured_media":3402,"comment_status":"open","ping_status":"closed","template":"","meta":{"_acf_changed":false},"product_brand":[],"product_cat":[15],"product_tag":[33],"class_list":{"0":"post-3779","1":"product","2":"type-product","3":"status-publish","4":"has-post-thumbnail","6":"product_cat-uncategorized","7":"product_tag-vente-20-11-21","9":"first","10":"instock","11":"shipping-taxable","12":"purchasable","13":"product-type-simple"},"acf":[],"_links":{"self":[{"href":"https:\/\/www.louizaauktion.com\/en\/wp-json\/wp\/v2\/product\/3779","targetHints":{"allow":["GET"]}}],"collection":[{"href":"https:\/\/www.louizaauktion.com\/en\/wp-json\/wp\/v2\/product"}],"about":[{"href":"https:\/\/www.louizaauktion.com\/en\/wp-json\/wp\/v2\/types\/product"}],"replies":[{"embeddable":true,"href":"https:\/\/www.louizaauktion.com\/en\/wp-json\/wp\/v2\/comments?post=3779"}],"wp:featuredmedia":[{"embeddable":true,"href":"https:\/\/www.louizaauktion.com\/en\/wp-json\/wp\/v2\/media\/3402"}],"wp:attachment":[{"href":"https:\/\/www.louizaauktion.com\/en\/wp-json\/wp\/v2\/media?parent=3779"}],"wp:term":[{"taxonomy":"product_brand","embeddable":true,"href":"https:\/\/www.louizaauktion.com\/en\/wp-json\/wp\/v2\/product_brand?post=3779"},{"taxonomy":"product_cat","embeddable":true,"href":"https:\/\/www.louizaauktion.com\/en\/wp-json\/wp\/v2\/product_cat?post=3779"},{"taxonomy":"product_tag","embeddable":true,"href":"https:\/\/www.louizaauktion.com\/en\/wp-json\/wp\/v2\/product_tag?post=3779"}],"curies":[{"name":"wp","href":"https:\/\/api.w.org\/{rel}","templated":true}]}}