{"id":3767,"date":"2021-11-10T08:50:49","date_gmt":"2021-11-10T08:50:49","guid":{"rendered":"https:\/\/louiza-auktion.wtb.agency\/product\/richard-orlinski-ne-en-1966-29\/"},"modified":"2021-11-10T08:50:49","modified_gmt":"2021-11-10T08:50:49","slug":"richard-orlinski-ne-en-1966-29","status":"publish","type":"product","link":"https:\/\/www.louizaauktion.com\/en\/product\/richard-orlinski-ne-en-1966-29\/","title":{"rendered":"Richard ORLINSKI (Born in 1966)"},"content":{"rendered":"<p>WILD KONG<\/p>\n<p>Monumental openwork stainless steel sculpture, signed and numbered<\/p>\n<p>by the artist<\/p>\n<p>Edition of 8 copies<\/p>\n<p>Height 350 cm - Width 268 cm - Depth 147 cm<\/p>\n<p>Provenance: artist&#039;s studio<\/p>\n<p>\u201cWild Kong\u201d is an iconic work by Richard Orlinski. Mouth open on fearsome fangs, pounding his chest with his threatening fists, he proclaims himself invincible. But the ferocious beast is also capable of tenderness, an allegory of the perfect man according to the artist. Through this work the sculptor is inspired by an emblematic figure of popular cinema, King Kong. Which of the beast or the human is more barbaric? Richard Orlinski questions man about his own animality.<\/p>\n<p>Wild Kong is a Richard Orlinski signature piece. It declares itself invincible with its open mouth and fearsome teeth as it beats its chest with mighty fists. But the ferocious beast is also capable of tenderness, an allegory for the perfect man according to the artist. The piece sees the sculptor draw inspiration from an iconic film character: King Kong. Which is the most savage, man and beast? Richard Orlinski questions mankind and its innate animal nature.<\/p>\n<p>450000\/500000\u20ac<\/p>","protected":false},"excerpt":{"rendered":"<p>WILD KONG Sculpture monumentale en Inox ajour\u00e9, sign\u00e9e et num\u00e9rot\u00e9e par l\u2019artiste Edition sur 8 exemplaires Hauteur 350 cm &#8211; Largeur 268 cm- Profondeur 147 cm Provenance : atelier de [&hellip;]<\/p>\n","protected":false},"featured_media":3377,"comment_status":"open","ping_status":"closed","template":"","meta":{"_acf_changed":false},"product_brand":[],"product_cat":[15],"product_tag":[33],"class_list":{"0":"post-3767","1":"product","2":"type-product","3":"status-publish","4":"has-post-thumbnail","6":"product_cat-uncategorized","7":"product_tag-vente-20-11-21","9":"first","10":"instock","11":"shipping-taxable","12":"purchasable","13":"product-type-simple"},"acf":[],"_links":{"self":[{"href":"https:\/\/www.louizaauktion.com\/en\/wp-json\/wp\/v2\/product\/3767","targetHints":{"allow":["GET"]}}],"collection":[{"href":"https:\/\/www.louizaauktion.com\/en\/wp-json\/wp\/v2\/product"}],"about":[{"href":"https:\/\/www.louizaauktion.com\/en\/wp-json\/wp\/v2\/types\/product"}],"replies":[{"embeddable":true,"href":"https:\/\/www.louizaauktion.com\/en\/wp-json\/wp\/v2\/comments?post=3767"}],"wp:featuredmedia":[{"embeddable":true,"href":"https:\/\/www.louizaauktion.com\/en\/wp-json\/wp\/v2\/media\/3377"}],"wp:attachment":[{"href":"https:\/\/www.louizaauktion.com\/en\/wp-json\/wp\/v2\/media?parent=3767"}],"wp:term":[{"taxonomy":"product_brand","embeddable":true,"href":"https:\/\/www.louizaauktion.com\/en\/wp-json\/wp\/v2\/product_brand?post=3767"},{"taxonomy":"product_cat","embeddable":true,"href":"https:\/\/www.louizaauktion.com\/en\/wp-json\/wp\/v2\/product_cat?post=3767"},{"taxonomy":"product_tag","embeddable":true,"href":"https:\/\/www.louizaauktion.com\/en\/wp-json\/wp\/v2\/product_tag?post=3767"}],"curies":[{"name":"wp","href":"https:\/\/api.w.org\/{rel}","templated":true}]}}