{"id":3760,"date":"2021-11-10T08:50:48","date_gmt":"2021-11-10T08:50:48","guid":{"rendered":"https:\/\/louiza-auktion.wtb.agency\/product\/keith-haring-1958-1990-5\/"},"modified":"2021-11-10T08:50:48","modified_gmt":"2021-11-10T08:50:48","slug":"keith-haring-1958-1990-5","status":"publish","type":"product","link":"https:\/\/www.louizaauktion.com\/en\/product\/keith-haring-1958-1990-5\/","title":{"rendered":"Keith HARING (1958-1990)"},"content":{"rendered":"<p>SUBWAY DRAWING, circa 1980<\/p>\n<p>Original chalk drawing on black paper made on a metro poster.<\/p>\n<p>111 x 70 cm \u2013 43.7 x 27.55 in.<\/p>\n<p>(A few tears on the edges)<\/p>\n<p>Provenance: Private collection, Belgium.<\/p>\n<p>White chalk on tinted paper<\/p>\n<p>12000\/15000\u20ac<\/p>","protected":false},"excerpt":{"rendered":"<p>SUBWAY DRAWING, circa 1980 Dessin original \u00e0 la craie sur papier noir r\u00e9alis\u00e9 sur une affiche de m\u00e9tro. 111 x 70 cm &#8211; 43.7 x 27.55 in. (Quelques d\u00e9chirures sur [&hellip;]<\/p>\n","protected":false},"featured_media":3365,"comment_status":"open","ping_status":"closed","template":"","meta":{"_acf_changed":false},"product_brand":[],"product_cat":[15],"product_tag":[33],"class_list":{"0":"post-3760","1":"product","2":"type-product","3":"status-publish","4":"has-post-thumbnail","6":"product_cat-uncategorized","7":"product_tag-vente-20-11-21","9":"first","10":"instock","11":"shipping-taxable","12":"purchasable","13":"product-type-simple"},"acf":[],"_links":{"self":[{"href":"https:\/\/www.louizaauktion.com\/en\/wp-json\/wp\/v2\/product\/3760","targetHints":{"allow":["GET"]}}],"collection":[{"href":"https:\/\/www.louizaauktion.com\/en\/wp-json\/wp\/v2\/product"}],"about":[{"href":"https:\/\/www.louizaauktion.com\/en\/wp-json\/wp\/v2\/types\/product"}],"replies":[{"embeddable":true,"href":"https:\/\/www.louizaauktion.com\/en\/wp-json\/wp\/v2\/comments?post=3760"}],"wp:featuredmedia":[{"embeddable":true,"href":"https:\/\/www.louizaauktion.com\/en\/wp-json\/wp\/v2\/media\/3365"}],"wp:attachment":[{"href":"https:\/\/www.louizaauktion.com\/en\/wp-json\/wp\/v2\/media?parent=3760"}],"wp:term":[{"taxonomy":"product_brand","embeddable":true,"href":"https:\/\/www.louizaauktion.com\/en\/wp-json\/wp\/v2\/product_brand?post=3760"},{"taxonomy":"product_cat","embeddable":true,"href":"https:\/\/www.louizaauktion.com\/en\/wp-json\/wp\/v2\/product_cat?post=3760"},{"taxonomy":"product_tag","embeddable":true,"href":"https:\/\/www.louizaauktion.com\/en\/wp-json\/wp\/v2\/product_tag?post=3760"}],"curies":[{"name":"wp","href":"https:\/\/api.w.org\/{rel}","templated":true}]}}