{"id":3753,"date":"2021-11-10T08:50:47","date_gmt":"2021-11-10T08:50:47","guid":{"rendered":"https:\/\/louiza-auktion.wtb.agency\/product\/victor-vasarely-1906-1997\/"},"modified":"2021-11-10T08:50:47","modified_gmt":"2021-11-10T08:50:47","slug":"victor-vasarely-1906-1997","status":"publish","type":"product","link":"https:\/\/www.louizaauktion.com\/en\/product\/victor-vasarely-1906-1997\/","title":{"rendered":"Victor VASARELY (1906-1997)"},"content":{"rendered":"<p>BIRTHS, BACH, 1973<\/p>\n<p>Sculpture consisting of two serigraphs on Plexiglas connected by a ribbon of fabric. Edition of 20 copies<\/p>\n<p>Work signed by hand by the artist.<\/p>\n<p>56 x 49 x 6.5cm<\/p>\n<p>1200\/1500\u20ac<\/p>","protected":false},"excerpt":{"rendered":"<p>NAISSANCES, BACH, 1973 Sculpture constitu\u00e9e de deux s\u00e9rigraphies sur plexiglas reli\u00e9es par un ruban de tissu. \u00c9dition \u00e0 20 exemplaires \u0152uvre sign\u00e9e \u00e0 la main par l\u2019artiste. 56 x 49 [&hellip;]<\/p>\n","protected":false},"featured_media":3351,"comment_status":"open","ping_status":"closed","template":"","meta":{"_acf_changed":false},"product_brand":[],"product_cat":[15],"product_tag":[33],"class_list":{"0":"post-3753","1":"product","2":"type-product","3":"status-publish","4":"has-post-thumbnail","6":"product_cat-uncategorized","7":"product_tag-vente-20-11-21","9":"first","10":"instock","11":"shipping-taxable","12":"purchasable","13":"product-type-simple"},"acf":[],"_links":{"self":[{"href":"https:\/\/www.louizaauktion.com\/en\/wp-json\/wp\/v2\/product\/3753","targetHints":{"allow":["GET"]}}],"collection":[{"href":"https:\/\/www.louizaauktion.com\/en\/wp-json\/wp\/v2\/product"}],"about":[{"href":"https:\/\/www.louizaauktion.com\/en\/wp-json\/wp\/v2\/types\/product"}],"replies":[{"embeddable":true,"href":"https:\/\/www.louizaauktion.com\/en\/wp-json\/wp\/v2\/comments?post=3753"}],"wp:featuredmedia":[{"embeddable":true,"href":"https:\/\/www.louizaauktion.com\/en\/wp-json\/wp\/v2\/media\/3351"}],"wp:attachment":[{"href":"https:\/\/www.louizaauktion.com\/en\/wp-json\/wp\/v2\/media?parent=3753"}],"wp:term":[{"taxonomy":"product_brand","embeddable":true,"href":"https:\/\/www.louizaauktion.com\/en\/wp-json\/wp\/v2\/product_brand?post=3753"},{"taxonomy":"product_cat","embeddable":true,"href":"https:\/\/www.louizaauktion.com\/en\/wp-json\/wp\/v2\/product_cat?post=3753"},{"taxonomy":"product_tag","embeddable":true,"href":"https:\/\/www.louizaauktion.com\/en\/wp-json\/wp\/v2\/product_tag?post=3753"}],"curies":[{"name":"wp","href":"https:\/\/api.w.org\/{rel}","templated":true}]}}