{"id":3751,"date":"2021-11-10T08:50:46","date_gmt":"2021-11-10T08:50:46","guid":{"rendered":"https:\/\/louiza-auktion.wtb.agency\/product\/william-sweetlove-ne-en-1949\/"},"modified":"2021-11-10T08:50:46","modified_gmt":"2021-11-10T08:50:46","slug":"william-sweetlove-ne-en-1949","status":"publish","type":"product","link":"https:\/\/www.louizaauktion.com\/en\/product\/william-sweetlove-ne-en-1949\/","title":{"rendered":"William SWEETLOVE (Born in 1949)"},"content":{"rendered":"<p>Cloned bulldog with pet bottle<\/p>\n<p>Partially painted cast aluminum sculpture<\/p>\n<p>Signed and numbered 3\/8 on the right hind leg<\/p>\n<p>47x50x20cm<\/p>\n<p>4500\/5500\u20ac<\/p>","protected":false},"excerpt":{"rendered":"<p>Cloned bulldog with pet bottle Sculpture en fonte d&rsquo;aluminium partiellement peint Sign\u00e9e et num\u00e9rot\u00e9e 3\/8 sur la patte post\u00e9rieure droite 47 x 50 x 20 cm 4500\/5500\u20ac<\/p>","protected":false},"featured_media":3348,"comment_status":"open","ping_status":"closed","template":"","meta":{"_acf_changed":false},"product_brand":[],"product_cat":[15],"product_tag":[33],"class_list":{"0":"post-3751","1":"product","2":"type-product","3":"status-publish","4":"has-post-thumbnail","6":"product_cat-uncategorized","7":"product_tag-vente-20-11-21","9":"first","10":"instock","11":"shipping-taxable","12":"purchasable","13":"product-type-simple"},"acf":[],"_links":{"self":[{"href":"https:\/\/www.louizaauktion.com\/en\/wp-json\/wp\/v2\/product\/3751","targetHints":{"allow":["GET"]}}],"collection":[{"href":"https:\/\/www.louizaauktion.com\/en\/wp-json\/wp\/v2\/product"}],"about":[{"href":"https:\/\/www.louizaauktion.com\/en\/wp-json\/wp\/v2\/types\/product"}],"replies":[{"embeddable":true,"href":"https:\/\/www.louizaauktion.com\/en\/wp-json\/wp\/v2\/comments?post=3751"}],"wp:featuredmedia":[{"embeddable":true,"href":"https:\/\/www.louizaauktion.com\/en\/wp-json\/wp\/v2\/media\/3348"}],"wp:attachment":[{"href":"https:\/\/www.louizaauktion.com\/en\/wp-json\/wp\/v2\/media?parent=3751"}],"wp:term":[{"taxonomy":"product_brand","embeddable":true,"href":"https:\/\/www.louizaauktion.com\/en\/wp-json\/wp\/v2\/product_brand?post=3751"},{"taxonomy":"product_cat","embeddable":true,"href":"https:\/\/www.louizaauktion.com\/en\/wp-json\/wp\/v2\/product_cat?post=3751"},{"taxonomy":"product_tag","embeddable":true,"href":"https:\/\/www.louizaauktion.com\/en\/wp-json\/wp\/v2\/product_tag?post=3751"}],"curies":[{"name":"wp","href":"https:\/\/api.w.org\/{rel}","templated":true}]}}