{"id":3749,"date":"2021-11-10T08:50:46","date_gmt":"2021-11-10T08:50:46","guid":{"rendered":"https:\/\/louiza-auktion.wtb.agency\/product\/patrick-rubinstein-ne-en-1960-2\/"},"modified":"2021-11-10T08:50:46","modified_gmt":"2021-11-10T08:50:46","slug":"patrick-rubinstein-ne-en-1960-2","status":"publish","type":"product","link":"https:\/\/www.louizaauktion.com\/en\/product\/patrick-rubinstein-ne-en-1960-2\/","title":{"rendered":"Patrick RUBINSTEIN (Born in 1960)"},"content":{"rendered":"<p>Pop Panda<\/p>\n<p>Assembly of strips of paper cut out on a kinetic effect panel. Multiple published in 8 copies.<\/p>\n<p>Signed and numbered lower right<\/p>\n<p>70 x 70 cm (97.5 x 97.5 cm with the resin and plexiglass frame)<\/p>\n<p>4500\/5000\u20ac<\/p>","protected":false},"excerpt":{"rendered":"<p>Pop Panda Assemblage de lamelles de papier d\u00e9coup\u00e9es sur panneau \u00e0 effet cin\u00e9tique. Multiple \u00e9dit\u00e9 \u00e0 8 exemplaires. Sign\u00e9 et num\u00e9rot\u00e9 en bas \u00e0 droite 70 x 70 cm (97,5 [&hellip;]<\/p>\n","protected":false},"featured_media":3346,"comment_status":"open","ping_status":"closed","template":"","meta":{"_acf_changed":false},"product_brand":[],"product_cat":[15],"product_tag":[33],"class_list":{"0":"post-3749","1":"product","2":"type-product","3":"status-publish","4":"has-post-thumbnail","6":"product_cat-uncategorized","7":"product_tag-vente-20-11-21","9":"first","10":"instock","11":"shipping-taxable","12":"purchasable","13":"product-type-simple"},"acf":[],"_links":{"self":[{"href":"https:\/\/www.louizaauktion.com\/en\/wp-json\/wp\/v2\/product\/3749","targetHints":{"allow":["GET"]}}],"collection":[{"href":"https:\/\/www.louizaauktion.com\/en\/wp-json\/wp\/v2\/product"}],"about":[{"href":"https:\/\/www.louizaauktion.com\/en\/wp-json\/wp\/v2\/types\/product"}],"replies":[{"embeddable":true,"href":"https:\/\/www.louizaauktion.com\/en\/wp-json\/wp\/v2\/comments?post=3749"}],"wp:featuredmedia":[{"embeddable":true,"href":"https:\/\/www.louizaauktion.com\/en\/wp-json\/wp\/v2\/media\/3346"}],"wp:attachment":[{"href":"https:\/\/www.louizaauktion.com\/en\/wp-json\/wp\/v2\/media?parent=3749"}],"wp:term":[{"taxonomy":"product_brand","embeddable":true,"href":"https:\/\/www.louizaauktion.com\/en\/wp-json\/wp\/v2\/product_brand?post=3749"},{"taxonomy":"product_cat","embeddable":true,"href":"https:\/\/www.louizaauktion.com\/en\/wp-json\/wp\/v2\/product_cat?post=3749"},{"taxonomy":"product_tag","embeddable":true,"href":"https:\/\/www.louizaauktion.com\/en\/wp-json\/wp\/v2\/product_tag?post=3749"}],"curies":[{"name":"wp","href":"https:\/\/api.w.org\/{rel}","templated":true}]}}