{"id":3727,"date":"2021-11-10T08:50:42","date_gmt":"2021-11-10T08:50:42","guid":{"rendered":"https:\/\/louiza-auktion.wtb.agency\/product\/arman-1928-2005\/"},"modified":"2021-11-10T08:50:42","modified_gmt":"2021-11-10T08:50:42","slug":"arman-1928-2005","status":"publish","type":"product","link":"https:\/\/www.louizaauktion.com\/en\/product\/arman-1928-2005\/","title":{"rendered":"ARMAN (1928-2005)"},"content":{"rendered":"<p>Aquafrago,2003<\/p>\n<p>Acrylic and paint tubes on superimposed Plexiglas plates. Signed on a metal plate lower right. Numbered 5\/99 lower right. <\/p>\n<p>High: 73; Width: 42; Depth: 10 cm. <\/p>\n<p>Note: Edition of 99 copies + 40 AP + XXX. No. 5944 from the Archives of the Arman Foundation<\/p>\n<p>5000\/7000\u20ac<\/p>","protected":false},"excerpt":{"rendered":"<p>Aqua frago,2003 Acrylique et tubes de peinture sur plaques de plexiglas superpos\u00e9es. Sign\u00e9 sur une plaque en m\u00e9tal en bas \u00e0 droite. Num\u00e9rot\u00e9 5\/99 en bas \u00e0 droite. Haut : [&hellip;]<\/p>\n","protected":false},"featured_media":3320,"comment_status":"open","ping_status":"closed","template":"","meta":{"_acf_changed":false},"product_brand":[],"product_cat":[15],"product_tag":[33],"class_list":{"0":"post-3727","1":"product","2":"type-product","3":"status-publish","4":"has-post-thumbnail","6":"product_cat-uncategorized","7":"product_tag-vente-20-11-21","9":"first","10":"instock","11":"shipping-taxable","12":"purchasable","13":"product-type-simple"},"acf":[],"_links":{"self":[{"href":"https:\/\/www.louizaauktion.com\/en\/wp-json\/wp\/v2\/product\/3727","targetHints":{"allow":["GET"]}}],"collection":[{"href":"https:\/\/www.louizaauktion.com\/en\/wp-json\/wp\/v2\/product"}],"about":[{"href":"https:\/\/www.louizaauktion.com\/en\/wp-json\/wp\/v2\/types\/product"}],"replies":[{"embeddable":true,"href":"https:\/\/www.louizaauktion.com\/en\/wp-json\/wp\/v2\/comments?post=3727"}],"wp:featuredmedia":[{"embeddable":true,"href":"https:\/\/www.louizaauktion.com\/en\/wp-json\/wp\/v2\/media\/3320"}],"wp:attachment":[{"href":"https:\/\/www.louizaauktion.com\/en\/wp-json\/wp\/v2\/media?parent=3727"}],"wp:term":[{"taxonomy":"product_brand","embeddable":true,"href":"https:\/\/www.louizaauktion.com\/en\/wp-json\/wp\/v2\/product_brand?post=3727"},{"taxonomy":"product_cat","embeddable":true,"href":"https:\/\/www.louizaauktion.com\/en\/wp-json\/wp\/v2\/product_cat?post=3727"},{"taxonomy":"product_tag","embeddable":true,"href":"https:\/\/www.louizaauktion.com\/en\/wp-json\/wp\/v2\/product_tag?post=3727"}],"curies":[{"name":"wp","href":"https:\/\/api.w.org\/{rel}","templated":true}]}}