{"id":3690,"date":"2021-11-10T08:50:36","date_gmt":"2021-11-10T08:50:36","guid":{"rendered":"https:\/\/louiza-auktion.wtb.agency\/product\/robert-rafaelovich-falk-1886-1958-attribue-a\/"},"modified":"2021-11-10T08:50:36","modified_gmt":"2021-11-10T08:50:36","slug":"robert-rafaelovich-falk-1886-1958-attribue-a","status":"publish","type":"product","link":"https:\/\/www.louizaauktion.com\/en\/product\/robert-rafaelovich-falk-1886-1958-attribue-a\/","title":{"rendered":"Robert Rafaelovich FALK (1886-1958), Attributed to"},"content":{"rendered":"<p>Barge on the Seine<\/p>\n<p>Watercolor on cardboard, signed and located lower left<\/p>\n<p>30 x 5 x 44cm<\/p>\n<p>Watercolor on cardboard, signed and located \u201cParis\u201d lower left <\/p>\n<p>30.5 x 44cm<\/p>\n<p>300\/500\u20ac<\/p>","protected":false},"excerpt":{"rendered":"<p>P\u00e9niche sur la Seine Aquarelle sur carton, sign\u00e9e et situ\u00e9 en bas \u00e0 gauche 30 x 5 x 44 cm Watercolor on cardboard,signed and situed \u00ab\u00a0Paris\u00a0\u00bb lower left 30,5 x [&hellip;]<\/p>\n","protected":false},"featured_media":3274,"comment_status":"open","ping_status":"closed","template":"","meta":{"_acf_changed":false},"product_brand":[],"product_cat":[15],"product_tag":[33],"class_list":{"0":"post-3690","1":"product","2":"type-product","3":"status-publish","4":"has-post-thumbnail","6":"product_cat-uncategorized","7":"product_tag-vente-20-11-21","9":"first","10":"instock","11":"shipping-taxable","12":"purchasable","13":"product-type-simple"},"acf":[],"_links":{"self":[{"href":"https:\/\/www.louizaauktion.com\/en\/wp-json\/wp\/v2\/product\/3690","targetHints":{"allow":["GET"]}}],"collection":[{"href":"https:\/\/www.louizaauktion.com\/en\/wp-json\/wp\/v2\/product"}],"about":[{"href":"https:\/\/www.louizaauktion.com\/en\/wp-json\/wp\/v2\/types\/product"}],"replies":[{"embeddable":true,"href":"https:\/\/www.louizaauktion.com\/en\/wp-json\/wp\/v2\/comments?post=3690"}],"wp:featuredmedia":[{"embeddable":true,"href":"https:\/\/www.louizaauktion.com\/en\/wp-json\/wp\/v2\/media\/3274"}],"wp:attachment":[{"href":"https:\/\/www.louizaauktion.com\/en\/wp-json\/wp\/v2\/media?parent=3690"}],"wp:term":[{"taxonomy":"product_brand","embeddable":true,"href":"https:\/\/www.louizaauktion.com\/en\/wp-json\/wp\/v2\/product_brand?post=3690"},{"taxonomy":"product_cat","embeddable":true,"href":"https:\/\/www.louizaauktion.com\/en\/wp-json\/wp\/v2\/product_cat?post=3690"},{"taxonomy":"product_tag","embeddable":true,"href":"https:\/\/www.louizaauktion.com\/en\/wp-json\/wp\/v2\/product_tag?post=3690"}],"curies":[{"name":"wp","href":"https:\/\/api.w.org\/{rel}","templated":true}]}}