{"id":3689,"date":"2021-11-10T08:50:35","date_gmt":"2021-11-10T08:50:35","guid":{"rendered":"https:\/\/louiza-auktion.wtb.agency\/product\/k-b-kraus-1889-1952\/"},"modified":"2021-11-10T08:50:35","modified_gmt":"2021-11-10T08:50:35","slug":"k-b-kraus-1889-1952","status":"publish","type":"product","link":"https:\/\/www.louizaauktion.com\/en\/product\/k-b-kraus-1889-1952\/","title":{"rendered":"KBKRAUS (1889-1952)"},"content":{"rendered":"<p>PORTRAIT OF SKIER GUSTAV LANTSCHNER,1936<\/p>\n<p>Oil on canvas, signed lower right, dated and located Partenkirchen.<\/p>\n<p>74 x 59cm<\/p>\n<p>Gustav Lantschner was silver medalist in combined at the Olympic Games in Garmisch-Partenkirchen in 1936, also gold medalist in downhill, silver medalist in slalom and bronze medalist in combined at the world championships in 1932 and 1933.<\/p>\n<p>1200\/1500\u20ac<\/p>","protected":false},"excerpt":{"rendered":"<p>PORTRAIT DU SKIEUR GUSTAV LANTSCHNER,1936 Huile sur toile, sign\u00e9e en bas \u00e0 droite, dat\u00e9e et situ\u00e9 Partenkirchen. 74 x 59 cm Gustav Lantschner fut m\u00e9daille d\u2019argent en combin\u00e9 aux jeux [&hellip;]<\/p>\n","protected":false},"featured_media":3272,"comment_status":"open","ping_status":"closed","template":"","meta":{"_acf_changed":false},"product_brand":[],"product_cat":[15],"product_tag":[33],"class_list":{"0":"post-3689","1":"product","2":"type-product","3":"status-publish","4":"has-post-thumbnail","6":"product_cat-uncategorized","7":"product_tag-vente-20-11-21","9":"first","10":"instock","11":"shipping-taxable","12":"purchasable","13":"product-type-simple"},"acf":[],"_links":{"self":[{"href":"https:\/\/www.louizaauktion.com\/en\/wp-json\/wp\/v2\/product\/3689","targetHints":{"allow":["GET"]}}],"collection":[{"href":"https:\/\/www.louizaauktion.com\/en\/wp-json\/wp\/v2\/product"}],"about":[{"href":"https:\/\/www.louizaauktion.com\/en\/wp-json\/wp\/v2\/types\/product"}],"replies":[{"embeddable":true,"href":"https:\/\/www.louizaauktion.com\/en\/wp-json\/wp\/v2\/comments?post=3689"}],"wp:featuredmedia":[{"embeddable":true,"href":"https:\/\/www.louizaauktion.com\/en\/wp-json\/wp\/v2\/media\/3272"}],"wp:attachment":[{"href":"https:\/\/www.louizaauktion.com\/en\/wp-json\/wp\/v2\/media?parent=3689"}],"wp:term":[{"taxonomy":"product_brand","embeddable":true,"href":"https:\/\/www.louizaauktion.com\/en\/wp-json\/wp\/v2\/product_brand?post=3689"},{"taxonomy":"product_cat","embeddable":true,"href":"https:\/\/www.louizaauktion.com\/en\/wp-json\/wp\/v2\/product_cat?post=3689"},{"taxonomy":"product_tag","embeddable":true,"href":"https:\/\/www.louizaauktion.com\/en\/wp-json\/wp\/v2\/product_tag?post=3689"}],"curies":[{"name":"wp","href":"https:\/\/api.w.org\/{rel}","templated":true}]}}