{"id":3688,"date":"2021-11-10T08:50:35","date_gmt":"2021-11-10T08:50:35","guid":{"rendered":"https:\/\/louiza-auktion.wtb.agency\/product\/josef-eschbach-1911\/"},"modified":"2021-11-10T08:50:35","modified_gmt":"2021-11-10T08:50:35","slug":"josef-eschbach-1911","status":"publish","type":"product","link":"https:\/\/www.louizaauktion.com\/en\/product\/josef-eschbach-1911\/","title":{"rendered":"Josef ESCHBACH (1911-?)"},"content":{"rendered":"<p>Winter sports in St. Moritz<\/p>\n<p>Oil on panel, signed lower left<\/p>\n<p>43 x 28cm<\/p>\n<p>Ski J\u00f6ring was an exhibition sport at the St. Moritz Olympic Games in 1928.<\/p>\n<p>1200\/1500\u20ac<\/p>","protected":false},"excerpt":{"rendered":"<p>Les sports d\u2019hiver \u00e0 Saint-Moritz Huile sur panneau, sign\u00e9e en bas \u00e0 gauche 43 x 28 cm Le Ski J\u00f6ring a \u00e9t\u00e9 un sport en exhibition aux jeux Olympiques de [&hellip;]<\/p>\n","protected":false},"featured_media":3271,"comment_status":"open","ping_status":"closed","template":"","meta":{"_acf_changed":false},"product_brand":[],"product_cat":[15],"product_tag":[33],"class_list":{"0":"post-3688","1":"product","2":"type-product","3":"status-publish","4":"has-post-thumbnail","6":"product_cat-uncategorized","7":"product_tag-vente-20-11-21","9":"first","10":"instock","11":"shipping-taxable","12":"purchasable","13":"product-type-simple"},"acf":[],"_links":{"self":[{"href":"https:\/\/www.louizaauktion.com\/en\/wp-json\/wp\/v2\/product\/3688","targetHints":{"allow":["GET"]}}],"collection":[{"href":"https:\/\/www.louizaauktion.com\/en\/wp-json\/wp\/v2\/product"}],"about":[{"href":"https:\/\/www.louizaauktion.com\/en\/wp-json\/wp\/v2\/types\/product"}],"replies":[{"embeddable":true,"href":"https:\/\/www.louizaauktion.com\/en\/wp-json\/wp\/v2\/comments?post=3688"}],"wp:featuredmedia":[{"embeddable":true,"href":"https:\/\/www.louizaauktion.com\/en\/wp-json\/wp\/v2\/media\/3271"}],"wp:attachment":[{"href":"https:\/\/www.louizaauktion.com\/en\/wp-json\/wp\/v2\/media?parent=3688"}],"wp:term":[{"taxonomy":"product_brand","embeddable":true,"href":"https:\/\/www.louizaauktion.com\/en\/wp-json\/wp\/v2\/product_brand?post=3688"},{"taxonomy":"product_cat","embeddable":true,"href":"https:\/\/www.louizaauktion.com\/en\/wp-json\/wp\/v2\/product_cat?post=3688"},{"taxonomy":"product_tag","embeddable":true,"href":"https:\/\/www.louizaauktion.com\/en\/wp-json\/wp\/v2\/product_tag?post=3688"}],"curies":[{"name":"wp","href":"https:\/\/api.w.org\/{rel}","templated":true}]}}