{"id":3687,"date":"2021-11-10T08:50:34","date_gmt":"2021-11-10T08:50:34","guid":{"rendered":"https:\/\/louiza-auktion.wtb.agency\/product\/ml-borremans-xix-xxeme-siecle\/"},"modified":"2021-11-10T08:50:34","modified_gmt":"2021-11-10T08:50:34","slug":"ml-borremans-xix-xxeme-siecle","status":"publish","type":"product","link":"https:\/\/www.louizaauktion.com\/en\/product\/ml-borremans-xix-xxeme-siecle\/","title":{"rendered":"ML. BORREMANS (XIX-XXth century)"},"content":{"rendered":"<p>Poster project for the Van Schelle ice rink in Brussels<\/p>\n<p>Gouache on paper, signed ML Borremans on the back<\/p>\n<p>86 x 64 cm<\/p>\n<p>Old gouache depicting a skater at the Van Schelle ice rink on Rue de la Glaci\u00e8re in Saint-Gilles, a commune in Brussels. The original Van Schelle swimming pool was converted into an ice rink in 1924 and was very popular with the local bourgeoisie until 1938. <\/p>\n<p>100\/150\u20ac<\/p>","protected":false},"excerpt":{"rendered":"<p>Projet d\u2019affiche pour la patinoire Van Schelle \u00e0 Bruxelles Gouache sur papier, sign\u00e9e M.L Borremans au dos 86 x 64 cm Ancienne gouache repr\u00e9sentant une patineuse \u00e0 la patinoire Van [&hellip;]<\/p>\n","protected":false},"featured_media":3269,"comment_status":"open","ping_status":"closed","template":"","meta":{"_acf_changed":false},"product_brand":[],"product_cat":[15],"product_tag":[33],"class_list":{"0":"post-3687","1":"product","2":"type-product","3":"status-publish","4":"has-post-thumbnail","6":"product_cat-uncategorized","7":"product_tag-vente-20-11-21","9":"first","10":"instock","11":"shipping-taxable","12":"purchasable","13":"product-type-simple"},"acf":[],"_links":{"self":[{"href":"https:\/\/www.louizaauktion.com\/en\/wp-json\/wp\/v2\/product\/3687","targetHints":{"allow":["GET"]}}],"collection":[{"href":"https:\/\/www.louizaauktion.com\/en\/wp-json\/wp\/v2\/product"}],"about":[{"href":"https:\/\/www.louizaauktion.com\/en\/wp-json\/wp\/v2\/types\/product"}],"replies":[{"embeddable":true,"href":"https:\/\/www.louizaauktion.com\/en\/wp-json\/wp\/v2\/comments?post=3687"}],"wp:featuredmedia":[{"embeddable":true,"href":"https:\/\/www.louizaauktion.com\/en\/wp-json\/wp\/v2\/media\/3269"}],"wp:attachment":[{"href":"https:\/\/www.louizaauktion.com\/en\/wp-json\/wp\/v2\/media?parent=3687"}],"wp:term":[{"taxonomy":"product_brand","embeddable":true,"href":"https:\/\/www.louizaauktion.com\/en\/wp-json\/wp\/v2\/product_brand?post=3687"},{"taxonomy":"product_cat","embeddable":true,"href":"https:\/\/www.louizaauktion.com\/en\/wp-json\/wp\/v2\/product_cat?post=3687"},{"taxonomy":"product_tag","embeddable":true,"href":"https:\/\/www.louizaauktion.com\/en\/wp-json\/wp\/v2\/product_tag?post=3687"}],"curies":[{"name":"wp","href":"https:\/\/api.w.org\/{rel}","templated":true}]}}