{"id":36595,"date":"2025-03-26T15:21:34","date_gmt":"2025-03-26T15:21:34","guid":{"rendered":"https:\/\/www.louizaauktion.com\/product\/pierre-auguste-renoir-1841-1919-femme-nue-en-buste-portait-suppose-de-mademoiselle-amelie-dieterle-circa-1895\/"},"modified":"2025-03-26T15:21:38","modified_gmt":"2025-03-26T15:21:38","slug":"pierre-auguste-renoir-1841-1919-femme-nue-en-buste-portait-suppose-de-mademoiselle-amelie-dieterle-circa-1895","status":"publish","type":"product","link":"https:\/\/www.louizaauktion.com\/en\/product\/pierre-auguste-renoir-1841-1919-femme-nue-en-buste-portait-suppose-de-mademoiselle-amelie-dieterle-circa-1895\/","title":{"rendered":"Pierre-Auguste RENOIR (1841-1919) Bust of a naked woman (supposedly portrait of Mademoiselle Am\u00e9lie Di\u00e9terle), circa 1895."},"content":{"rendered":"<p>Nude woman in bust (Supposed portrait of Mademoiselle Am\u00e9lie Di\u00e9terle), circa 1895.<br \/>\nOil on canvas, signed upper left<br \/>\n13 x 14 cm<br \/>\nProvenance: Private collection, Paris.<br \/>\nSale by Me Cornette de Saint-Cyr, March 30, 2015, Paris, under no. 24.<br \/>\nChristie&#039;s sale, London, February 10, 1990, under no. 22.<br \/>\nCollection of Miss Am\u00e9lie Di\u00e9terle (1871-1941).<br \/>\nBibliography: The painting will be listed and reproduced in Volume V (Part 1 supplement) of the Catalogue raisonn\u00e9 of Paintings, pastels, drawings and watercolors by Pierre Auguste Renoir in preparation for Editions Bernheim-Jeune by Guy Patrice and Michel Dauberville.<br \/>\nThe notice of inclusion in the supplement to the artist&#039;s Catalogue Raisonn\u00e9 will be given to the purchaser.<br \/>\n60000\/80000\u20ac<\/p>","protected":false},"excerpt":{"rendered":"<p>\u2013<\/p>","protected":false},"featured_media":36293,"comment_status":"open","ping_status":"closed","template":"","meta":{"_acf_changed":false},"product_brand":[],"product_cat":[15],"product_tag":[69],"class_list":{"0":"post-36595","1":"product","2":"type-product","3":"status-publish","4":"has-post-thumbnail","6":"product_cat-uncategorized","7":"product_tag-vente-2025-03-29","9":"first","10":"instock","11":"shipping-taxable","12":"purchasable","13":"product-type-simple"},"acf":[],"_links":{"self":[{"href":"https:\/\/www.louizaauktion.com\/en\/wp-json\/wp\/v2\/product\/36595","targetHints":{"allow":["GET"]}}],"collection":[{"href":"https:\/\/www.louizaauktion.com\/en\/wp-json\/wp\/v2\/product"}],"about":[{"href":"https:\/\/www.louizaauktion.com\/en\/wp-json\/wp\/v2\/types\/product"}],"replies":[{"embeddable":true,"href":"https:\/\/www.louizaauktion.com\/en\/wp-json\/wp\/v2\/comments?post=36595"}],"wp:featuredmedia":[{"embeddable":true,"href":"https:\/\/www.louizaauktion.com\/en\/wp-json\/wp\/v2\/media\/36293"}],"wp:attachment":[{"href":"https:\/\/www.louizaauktion.com\/en\/wp-json\/wp\/v2\/media?parent=36595"}],"wp:term":[{"taxonomy":"product_brand","embeddable":true,"href":"https:\/\/www.louizaauktion.com\/en\/wp-json\/wp\/v2\/product_brand?post=36595"},{"taxonomy":"product_cat","embeddable":true,"href":"https:\/\/www.louizaauktion.com\/en\/wp-json\/wp\/v2\/product_cat?post=36595"},{"taxonomy":"product_tag","embeddable":true,"href":"https:\/\/www.louizaauktion.com\/en\/wp-json\/wp\/v2\/product_tag?post=36595"}],"curies":[{"name":"wp","href":"https:\/\/api.w.org\/{rel}","templated":true}]}}