{"id":33031,"date":"2024-06-18T15:56:21","date_gmt":"2024-06-18T15:56:21","guid":{"rendered":"https:\/\/www.louizaauktion.com\/product\/georges-mathieu-1921-2012-bonbonniere-1968\/"},"modified":"2024-06-18T15:56:24","modified_gmt":"2024-06-18T15:56:24","slug":"georges-mathieu-1921-2012-bonbonniere-1968","status":"publish","type":"product","link":"https:\/\/www.louizaauktion.com\/en\/product\/georges-mathieu-1921-2012-bonbonniere-1968\/","title":{"rendered":"Georges MATHIEU (1921-2012). Candy box.1968."},"content":{"rendered":"<p>Bonbonniere.1968. <\/p>\n<p>A blue porcelain box from the service <\/p>\n<p>from Mantes. The exterior is decorated with a pattern <\/p>\n<p>large deep blue fire known as <\/p>\n<p>of &quot;S\u00e8vres blue&quot;, while the interior <\/p>\n<p>is painted with small golden patterns on the background <\/p>\n<p>white. <\/p>\n<p>Based on an original design by <\/p>\n<p>the artist, created in 1968. <\/p>\n<p>Under the base, signature of Georges <\/p>\n<p>Mathieu with the year &quot;68&quot; in gold, the <\/p>\n<p>brand of the Manufacture de S\u00e8vres in <\/p>\n<p>green, and the stamp \u201cDor\u00e9 \u00e0 S\u00e8vres, <\/p>\n<p>national manufacture\u201d in red. <\/p>\n<p>Delivered in its original packaging of the <\/p>\n<p>Manufacture Nationale de S\u00e8vres. <\/p>\n<p>Dimensions: 14.5 x 14.5 x 9 cm.<br \/>\n450\/550\u20ac<\/p>","protected":false},"excerpt":{"rendered":"<p>A blue porcelain box from the service<br \/>\nfrom Mantes<\/p>","protected":false},"featured_media":32434,"comment_status":"open","ping_status":"closed","template":"","meta":{"_acf_changed":false},"product_brand":[],"product_cat":[15],"product_tag":[65],"class_list":{"0":"post-33031","1":"product","2":"type-product","3":"status-publish","4":"has-post-thumbnail","6":"product_cat-uncategorized","7":"product_tag-vente-2024-06-29","9":"first","10":"instock","11":"shipping-taxable","12":"purchasable","13":"product-type-simple"},"acf":[],"_links":{"self":[{"href":"https:\/\/www.louizaauktion.com\/en\/wp-json\/wp\/v2\/product\/33031","targetHints":{"allow":["GET"]}}],"collection":[{"href":"https:\/\/www.louizaauktion.com\/en\/wp-json\/wp\/v2\/product"}],"about":[{"href":"https:\/\/www.louizaauktion.com\/en\/wp-json\/wp\/v2\/types\/product"}],"replies":[{"embeddable":true,"href":"https:\/\/www.louizaauktion.com\/en\/wp-json\/wp\/v2\/comments?post=33031"}],"wp:featuredmedia":[{"embeddable":true,"href":"https:\/\/www.louizaauktion.com\/en\/wp-json\/wp\/v2\/media\/32434"}],"wp:attachment":[{"href":"https:\/\/www.louizaauktion.com\/en\/wp-json\/wp\/v2\/media?parent=33031"}],"wp:term":[{"taxonomy":"product_brand","embeddable":true,"href":"https:\/\/www.louizaauktion.com\/en\/wp-json\/wp\/v2\/product_brand?post=33031"},{"taxonomy":"product_cat","embeddable":true,"href":"https:\/\/www.louizaauktion.com\/en\/wp-json\/wp\/v2\/product_cat?post=33031"},{"taxonomy":"product_tag","embeddable":true,"href":"https:\/\/www.louizaauktion.com\/en\/wp-json\/wp\/v2\/product_tag?post=33031"}],"curies":[{"name":"wp","href":"https:\/\/api.w.org\/{rel}","templated":true}]}}