{"id":32911,"date":"2024-06-18T15:51:52","date_gmt":"2024-06-18T15:51:52","guid":{"rendered":"https:\/\/www.louizaauktion.com\/product\/yves-klein-1928-1962-et-francois-pompon-1855-1933-dapres-ours-pompon-2\/"},"modified":"2024-06-18T15:51:53","modified_gmt":"2024-06-18T15:51:53","slug":"yves-klein-1928-1962-et-francois-pompon-1855-1933-dapres-ours-pompon-2","status":"publish","type":"product","link":"https:\/\/www.louizaauktion.com\/en\/product\/yves-klein-1928-1962-et-francois-pompon-1855-1933-dapres-ours-pompon-2\/","title":{"rendered":"Yves KLEIN (1928-1962) and Fran\u00e7ois POMPON (1855-1933), after. Pompom Bear"},"content":{"rendered":"<p>Pompom Bear <\/p>\n<p>Bear made of 40 cm artisanal resin based on an original mold of the White Bear by Fran\u00e7ois Pompon \u2013 IKB finish, Yves Klein Blue. Yves KLEIN editions. <\/p>\n<p>The edition bears a certified individual number under the rear right side tab \u2013 Plexiglas bell. Copy numbered 44\/999. <\/p>\n<p>49 x 27 x 19 cm <\/p>\n<p>Weight: approx. 9.1 kg. <\/p>\n<p>Note: Numbered edition limited to 999 copies for worldwide distribution \u2013 Certificate of authenticity with an individual number certified with the publisher&#039;s stamp and signed by representatives of the rights holders of the two artists. Cyril Brul\u00e9 for the Fran\u00e7ois Pompon association and by Fran\u00e7ois Roulin for the Yves Klein Archives \u2013 Presentation booklet of the two artists. <\/p>\n<p>7000\/9000\u20ac<\/p>","protected":false},"excerpt":{"rendered":"<p>Artisanal resin sculpture <\/p>","protected":false},"featured_media":32189,"comment_status":"open","ping_status":"closed","template":"","meta":{"_acf_changed":false},"product_brand":[],"product_cat":[15],"product_tag":[65],"class_list":{"0":"post-32911","1":"product","2":"type-product","3":"status-publish","4":"has-post-thumbnail","6":"product_cat-uncategorized","7":"product_tag-vente-2024-06-29","9":"first","10":"instock","11":"shipping-taxable","12":"purchasable","13":"product-type-simple"},"acf":[],"_links":{"self":[{"href":"https:\/\/www.louizaauktion.com\/en\/wp-json\/wp\/v2\/product\/32911","targetHints":{"allow":["GET"]}}],"collection":[{"href":"https:\/\/www.louizaauktion.com\/en\/wp-json\/wp\/v2\/product"}],"about":[{"href":"https:\/\/www.louizaauktion.com\/en\/wp-json\/wp\/v2\/types\/product"}],"replies":[{"embeddable":true,"href":"https:\/\/www.louizaauktion.com\/en\/wp-json\/wp\/v2\/comments?post=32911"}],"wp:featuredmedia":[{"embeddable":true,"href":"https:\/\/www.louizaauktion.com\/en\/wp-json\/wp\/v2\/media\/32189"}],"wp:attachment":[{"href":"https:\/\/www.louizaauktion.com\/en\/wp-json\/wp\/v2\/media?parent=32911"}],"wp:term":[{"taxonomy":"product_brand","embeddable":true,"href":"https:\/\/www.louizaauktion.com\/en\/wp-json\/wp\/v2\/product_brand?post=32911"},{"taxonomy":"product_cat","embeddable":true,"href":"https:\/\/www.louizaauktion.com\/en\/wp-json\/wp\/v2\/product_cat?post=32911"},{"taxonomy":"product_tag","embeddable":true,"href":"https:\/\/www.louizaauktion.com\/en\/wp-json\/wp\/v2\/product_tag?post=32911"}],"curies":[{"name":"wp","href":"https:\/\/api.w.org\/{rel}","templated":true}]}}