{"id":32880,"date":"2024-06-18T15:51:33","date_gmt":"2024-06-18T15:51:33","guid":{"rendered":"https:\/\/www.louizaauktion.com\/product\/salvador-dali-1904-1989-lame-de-don-quichotte-1969\/"},"modified":"2024-06-18T15:51:33","modified_gmt":"2024-06-18T15:51:33","slug":"salvador-dali-1904-1989-lame-de-don-quichotte-1969","status":"publish","type":"product","link":"https:\/\/www.louizaauktion.com\/en\/product\/salvador-dali-1904-1989-lame-de-don-quichotte-1969\/","title":{"rendered":"Salvador DALI (1904-1989). \u201cThe Soul of Don Quixote\u201d.1969."},"content":{"rendered":"<p>\u201cThe Soul of Don Quixote\u201d.1969. <\/p>\n<p>Bronze with brown patina. <\/p>\n<p>Signed \u201cDali\u201d at the base. <\/p>\n<p>Copy numbered 681\/1000. <\/p>\n<p>Dimensions with base: 57.5 x 37 x 30 <\/p>\n<p>cm. <\/p>\n<p>Dimensions without the base: 53 x 37 x 22 <\/p>\n<p>cm. <\/p>\n<p>Weight: approx. 31 kg. <\/p>\n<p>Included: Certificate card from the publisher Diejasa, <\/p>\n<p>number 10 057 09 811. <\/p>\n<p>Bibliography: Referenced in the catalog raisonn\u00e9 by Robert and Nicolas Descharnes, Dali: The hard and the soft, Sortil\u00e8ge and magic of forms, Sculptures and Objects, \u00c9ditions Eccart, Paris, 2003, reproduction on page 177. (A similar copy).<br \/>\n4500\/5500\u20ac<\/p>","protected":false},"excerpt":{"rendered":"<p>Bronze. Sign.<\/p>","protected":false},"featured_media":32122,"comment_status":"open","ping_status":"closed","template":"","meta":{"_acf_changed":false},"product_brand":[],"product_cat":[15],"product_tag":[65],"class_list":{"0":"post-32880","1":"product","2":"type-product","3":"status-publish","4":"has-post-thumbnail","6":"product_cat-uncategorized","7":"product_tag-vente-2024-06-29","9":"first","10":"instock","11":"shipping-taxable","12":"purchasable","13":"product-type-simple"},"acf":[],"_links":{"self":[{"href":"https:\/\/www.louizaauktion.com\/en\/wp-json\/wp\/v2\/product\/32880","targetHints":{"allow":["GET"]}}],"collection":[{"href":"https:\/\/www.louizaauktion.com\/en\/wp-json\/wp\/v2\/product"}],"about":[{"href":"https:\/\/www.louizaauktion.com\/en\/wp-json\/wp\/v2\/types\/product"}],"replies":[{"embeddable":true,"href":"https:\/\/www.louizaauktion.com\/en\/wp-json\/wp\/v2\/comments?post=32880"}],"wp:featuredmedia":[{"embeddable":true,"href":"https:\/\/www.louizaauktion.com\/en\/wp-json\/wp\/v2\/media\/32122"}],"wp:attachment":[{"href":"https:\/\/www.louizaauktion.com\/en\/wp-json\/wp\/v2\/media?parent=32880"}],"wp:term":[{"taxonomy":"product_brand","embeddable":true,"href":"https:\/\/www.louizaauktion.com\/en\/wp-json\/wp\/v2\/product_brand?post=32880"},{"taxonomy":"product_cat","embeddable":true,"href":"https:\/\/www.louizaauktion.com\/en\/wp-json\/wp\/v2\/product_cat?post=32880"},{"taxonomy":"product_tag","embeddable":true,"href":"https:\/\/www.louizaauktion.com\/en\/wp-json\/wp\/v2\/product_tag?post=32880"}],"curies":[{"name":"wp","href":"https:\/\/api.w.org\/{rel}","templated":true}]}}